{"id":16,"date":"2020-08-30T21:29:24","date_gmt":"2020-08-30T21:29:24","guid":{"rendered":"https:\/\/friendsofwmis.de\/?page_id=16"},"modified":"2024-07-12T21:30:28","modified_gmt":"2024-07-12T21:30:28","slug":"about-us","status":"publish","type":"page","link":"https:\/\/friendsofwmis.de\/de\/about-us\/","title":{"rendered":"\u00dcber uns"},"content":{"rendered":"<p>Freunde von <a href=\"http:\/\/https\/\/wangari-maathai-schule.jimdofree.com\/\">Wangari Maathai <\/a><a href=\"http:\/\/wangari-maathai-schule.de\/\">International<\/a><a href=\"http:\/\/https\/\/wangari-maathai-schule.jimdofree.com\/\"> Schule<\/a> oder Freunde des WMIS eV ist ein unabh\u00e4ngiger gemeinn\u00fctziger Verein mit dem Ziel, Bildung, Volks- und Berufsbildung sowie internationale Haltung und Toleranz in allen Kulturbereichen zu f\u00f6rdern. Dies geschieht durch materielle und ideelle Unterst\u00fctzung der Wangari Maathai International School in Berlin. Der Verein wurde 2018 gegr\u00fcndet und finanziert sich aus Mitgliedsbeitr\u00e4gen, Spenden und Spendenaktionen.<\/p>\n\n\n\n<div class=\"wp-block-columns is-layout-flex wp-container-core-columns-is-layout-9d6595d7 wp-block-columns-is-layout-flex\">\n<div class=\"wp-block-column is-layout-flow wp-block-column-is-layout-flow\">\n<p class=\"has-text-align-right\">Wir sind stolzes Mitglied im Landesverband der Kita- und Schulf\u00f6rdervereine Berlin-Brandenburg eV \u2013 <a rel=\"noreferrer noopener\" href=\"https:\/\/lsfb.de\/\" target=\"_blank\">lsfb<\/a>)&nbsp;<\/p>\n<\/div>\n\n\n\n<div class=\"wp-block-column is-layout-flow wp-block-column-is-layout-flow\">\n<figure class=\"wp-block-image size-large is-resized\"><a href=\"https:\/\/lsfb.de\/\"><img loading=\"lazy\" decoding=\"async\" width=\"1869\" height=\"1049\" src=\"https:\/\/friendsofwmis.de\/wp-content\/uploads\/2022\/09\/lfsb-edited.jpeg\" alt=\"\" class=\"wp-image-757\" style=\"width:221px\" srcset=\"https:\/\/friendsofwmis.de\/wp-content\/uploads\/2022\/09\/lfsb-edited.jpeg 1869w, https:\/\/friendsofwmis.de\/wp-content\/uploads\/2022\/09\/lfsb-edited-300x168.jpeg 300w, https:\/\/friendsofwmis.de\/wp-content\/uploads\/2022\/09\/lfsb-edited-1024x575.jpeg 1024w, https:\/\/friendsofwmis.de\/wp-content\/uploads\/2022\/09\/lfsb-edited-768x431.jpeg 768w, https:\/\/friendsofwmis.de\/wp-content\/uploads\/2022\/09\/lfsb-edited-1536x862.jpeg 1536w, https:\/\/friendsofwmis.de\/wp-content\/uploads\/2022\/09\/lfsb-edited-18x10.jpeg 18w, https:\/\/friendsofwmis.de\/wp-content\/uploads\/2022\/09\/lfsb-edited-600x337.jpeg 600w\" sizes=\"auto, (max-width: 1869px) 100vw, 1869px\" \/><\/a><\/figure>\n<\/div>\n<\/div>\n\n\n\n<h2 class=\"wp-block-heading\">Wie wir arbeiten<\/h2>\n\n\n\n<p>Die Organe des Vereins sind Mitgliederversammlung, Vorstand und Kuratorium. Das oberste Organ des Vereins ist die Mitgliederversammlung. Die Mitgliederversammlung hat \u00fcber grunds\u00e4tzliche Fragen und Angelegenheiten des Vereins zu entscheiden. Jedes stimmberechtigte Mitglied hat eine Stimme. Die Aufgaben des Vorstands sind die Entwicklung strategischer Ziele, die F\u00fchrung des laufenden Gesch\u00e4fts inkl. Mittelverwendung, Berichterstattung an Mitgliederversammlung, Kuratorium und Mitglieder etc. Der Vorstand kann durch Beschluss ein Kuratorium berufen, dem Personen aus allen Lebensbereichen angeh\u00f6ren und den Vorstand und die Mitgliederversammlung beraten kann in verschiedenen Bereichen. Der Vorstand kann auch beschlie\u00dfen, Aussch\u00fcsse zu bilden, die den Vorstand in bestimmten Angelegenheiten beraten und unterst\u00fctzen.<\/p>\n\n\n\n<h2 class=\"wp-block-heading\">Wer wir sind<\/h2>\n\n\n\n<p>Vorstand: Katrin Angelos (Vorsitzende), Jenny Bartz (stellvertretende Vorsitzende), Maria Koenig (Schatzmeisterin), Julia Warmers (Beobachterin), NN (Beobachterin)<\/p>\n\n\n\n<p>Mitgliederverwaltung: Julia Warmers<\/p>\n\n\n\n<p>Website &amp; Kommunikation: Nils Koenig<\/p>\n\n\n\n<h2 class=\"wp-block-heading\">Mitgliedschaft<\/h2>\n\n\n\n<p>Die Mitgliedschaft steht jeder nat\u00fcrlichen oder juristischen Person offen, die unsere Ziele unterst\u00fctzen m\u00f6chte. Es gibt drei Arten von Mitgliedern: Jede nat\u00fcrliche Person, die sich aktiv im Verein engagieren m\u00f6chte, kann Mitglied werden <strong><em>aktives Mitglied<\/em><\/strong> und kann in der Hauptversammlung abstimmen (erm\u00e4\u00dfigter Beitrag). Jede nat\u00fcrliche oder juristische Person, die zwar nicht aktiv beteiligt ist, aber die Ziele und den Zweck des Vereins f\u00f6rdern und unterst\u00fctzen m\u00f6chte, kann Mitglied werden <strong><em>f\u00f6rderndes Mitglied<\/em><\/strong>. Personen, die sich um den Verein verdient gemacht haben, k\u00f6nnen zu Ehrenmitgliedern ernannt werden. <strong><em>Ehrenmitglieder<\/em><\/strong> werden vom Vorstand vorgeschlagen und von der Mitgliederversammlung ernannt. Sie sind von der Zahlung der Mitgliedsbeitr\u00e4ge befreit und haben das volle Stimmrecht in der Mitgliederversammlung.<\/p>\n\n\n\n<h1 class=\"wp-block-heading\">Transparenz <\/h1>\n\n\n\n<h1 class=\"wp-block-heading has-text-align-right has-medium-font-size\"><strong><em>(zuletzt aktualisiert 07\/&#039;24)<\/em><\/strong><\/h1>\n\n\n\n<p><strong>Informationen \u00fcber die Friends of WMIS eV gem\u00e4\u00df der freiwilligen Selbstverpflichtung der <a rel=\"noreferrer noopener\" href=\"https:\/\/www.transparency.de\/mitmachen\/initiative-transparente-zivilgesellschaft\/\" target=\"_blank\">Initiative Transparente Zivilgesellschaft<\/a><\/strong> <em><strong>(Initiative Transparente Zivilgesellschaft)<\/strong><\/em><\/p>\n\n\n\n<figure class=\"wp-block-image size-full is-resized\"><a href=\"http:\/\/www.transparente-zivilgesellschaft.de\" target=\"_blank\" rel=\"noreferrer noopener\"><img loading=\"lazy\" decoding=\"async\" width=\"735\" height=\"200\" src=\"https:\/\/friendsofwmis.de\/wp-content\/uploads\/2022\/09\/Transparente_ZivilgesellschaftPNG.png\" alt=\"\" class=\"wp-image-743\" style=\"width:301px;height:82px\" srcset=\"https:\/\/friendsofwmis.de\/wp-content\/uploads\/2022\/09\/Transparente_ZivilgesellschaftPNG.png 735w, https:\/\/friendsofwmis.de\/wp-content\/uploads\/2022\/09\/Transparente_ZivilgesellschaftPNG-300x82.png 300w, https:\/\/friendsofwmis.de\/wp-content\/uploads\/2022\/09\/Transparente_ZivilgesellschaftPNG-18x5.png 18w, https:\/\/friendsofwmis.de\/wp-content\/uploads\/2022\/09\/Transparente_ZivilgesellschaftPNG-600x163.png 600w\" sizes=\"auto, (max-width: 735px) 100vw, 735px\" \/><\/a><\/figure>\n\n\n\n<p><strong>1. Name, Sitz, Anschrift und Gr\u00fcndungsjahr<\/strong><\/p>\n\n\n\n<ul class=\"wp-block-list\">\n<li>Friends of WMIS eV, siehe hier f\u00fcr <a href=\"https:\/\/friendsofwmis.de\/index.php\/impressum\/\">Anmeldung, Adresse und Kontaktdaten<\/a><\/li>\n\n\n\n<li>2018 gegr\u00fcndet<\/li>\n\n\n\n<li>Kontakt: Katrin Angelos<\/li>\n<\/ul>\n\n\n\n<p><strong>2. Vollst\u00e4ndige Satzung und Angaben zu den Zielen unserer Organisation<\/strong><\/p>\n\n\n\n<ul class=\"wp-block-list\">\n<li><a href=\"https:\/\/friendsofwmis.de\/wp-content\/uploads\/2020\/08\/20191218_satzung_dt_handout_final.pdf\" target=\"_blank\" rel=\"noreferrer noopener\">Satzung<\/a><a href=\"https:\/\/friendsofwmis.de\/wp-content\/uploads\/2020\/08\/20191218_satzung_dt_handout_final.pdf\"><\/a> <a href=\"https:\/\/friendsofwmis.de\/wp-content\/uploads\/2020\/09\/20200910_Satzung_engl_Handout_final.docx\" target=\"_blank\" rel=\"noreferrer noopener\">des Vereins (inoffizielle \u00dcbersetzung) (EN)<\/a> \/ <a href=\"https:\/\/friendsofwmis.de\/wp-content\/uploads\/2020\/08\/20191218_satzung_dt_handout_final.pdf\" target=\"_blank\" rel=\"noreferrer noopener\">Satzung (DE)<\/a><\/li>\n\n\n\n<li>Allgemeine Informationen \u00fcber unsere Ziele, wie wir arbeiten (<a href=\"https:\/\/friendsofwmis.de\/index.php\/about-us\/\" target=\"_blank\" rel=\"noreferrer noopener\">\u00fcber uns<\/a>) und was wir tun (<a href=\"https:\/\/friendsofwmis.de\/index.php\/our-projects\/\" target=\"_blank\" rel=\"noreferrer noopener\">unsere Projekte<\/a>)<\/li>\n<\/ul>\n\n\n\n<p><strong>3. Informationen zu Steuervorteilen<\/strong><\/p>\n\n\n\n<ul class=\"wp-block-list\">\n<li><em>Friends of WMIS e.V.<\/em> ist \u2013 laut <a href=\"https:\/\/friendsofwmis.de\/wp-content\/uploads\/2022\/08\/2021-07-28_Freistellungsbescheid-2020-2022.pdf\" target=\"_blank\" rel=\"noreferrer noopener\">Freistellungsbescheid<\/a> des Finanzamtes f\u00fcr K\u00f6rperschaften I in Berlin, unter der Steuernummer 27\/653\/59231 vom 29.06.2020 \u2013 anerkannt als ausschlie\u00dflich und unmittelbar steuerbeg\u00fcnstigten Zwecken dienend im Sinne der \u00a7\u00a7 51 ff. AO aufgrund der F\u00f6rderung der Erziehung, Volks- und Berufsbildung sowie der Studienhilfe (\u00a7 52 Abs. 2 Satz 1 Nr. 7 AO) sowie zur F\u00f6rderung der Internationalit\u00e4t, der Toleranz auf allen Gebieten der Kultur und des V\u00f6lkerverst\u00e4ndigungsgedankens (\u00a7 52 Abs. 2 Satz 1 Nr. 13 AO) . <em>Friends of WMIS e.V.<\/em> ist auf dieser Grundlage berechtigt, Zuwendungsbest\u00e4tigungen f\u00fcr Spenden und Mitgliedsbeitr\u00e4ge auszustellen, die ihr bis zum 31.12.2022 zur Erf\u00fcllung ihrer satzungsm\u00e4\u00dfigen Zwecke zugewendet werden.<\/li>\n<\/ul>\n\n\n\n<p><strong>4. Name und Funktion der wichtigsten Entscheidungstr\u00e4ger<\/strong><\/p>\n\n\n\n<ul class=\"wp-block-list\">\n<li>Katrin Angelos, Vorsitzende<\/li>\n\n\n\n<li>Jenny Bartz, stellvertretende Vorsitzende<\/li>\n\n\n\n<li>Maria K\u00f6nig, Schatzmeisterin<\/li>\n\n\n\n<li>Julia Warmers, Beisitzer<\/li>\n<\/ul>\n\n\n\n<p><strong>5. T\u00e4tigkeitsbericht<\/strong><\/p>\n\n\n\n<div class=\"wp-block-file\"><a id=\"wp-block-file--media-e3f4a1fe-1164-4307-b2ac-889122625922\" href=\"https:\/\/friendsofwmis.de\/wp-content\/uploads\/2023\/06\/MV-2023-04-Automatisch-gespeichert.pdf\">Gesch\u00e4ftsbericht \/ Jahresbericht 2022 (S. 4)<\/a><a href=\"https:\/\/friendsofwmis.de\/wp-content\/uploads\/2023\/06\/MV-2023-04-Automatisch-gespeichert.pdf\" class=\"wp-block-file__button wp-element-button\" download aria-describedby=\"wp-block-file--media-e3f4a1fe-1164-4307-b2ac-889122625922\">Herunterladen<\/a><\/div>\n\n\n\n<div class=\"wp-block-file\"><a id=\"wp-block-file--media-64a07aff-a42d-45a9-8ac7-0f3d319852bf\" href=\"https:\/\/friendsofwmis.de\/wp-content\/uploads\/2022\/10\/MV-2022-10-\u2013-Bericht-2021-1.pdf\">Gesch\u00e4ftsbericht \/ Jahresbericht 2021<\/a><a href=\"https:\/\/friendsofwmis.de\/wp-content\/uploads\/2022\/10\/MV-2022-10-\u2013-Bericht-2021-1.pdf\" class=\"wp-block-file__button wp-element-button\" download aria-describedby=\"wp-block-file--media-64a07aff-a42d-45a9-8ac7-0f3d319852bf\">Herunterladen<\/a><\/div>\n\n\n\n<ul class=\"wp-block-list\">\n<li><a rel=\"noreferrer noopener\" href=\"https:\/\/friendsofwmis.de\/wp-content\/uploads\/2022\/08\/23-Sept-MV_23.9.final_ohne-Bilder.pptx\" target=\"_blank\">Jahresbericht \/ Jahresbericht<\/a> <a rel=\"noreferrer noopener\" href=\"https:\/\/friendsofwmis.de\/wp-content\/uploads\/2022\/08\/23-Sept-MV_23.9.final_ohne-Bilder.pptx\" target=\"_blank\">2020<\/a> (S. 5 ff.)<\/li>\n<\/ul>\n\n\n\n<p><strong>6. Personalstruktur<\/strong><\/p>\n\n\n\n<p>Wir arbeiten ausschlie\u00dflich ehrenamtlich, siehe (Wer wir sind, weiter oben auf dieser Seite).<\/p>\n\n\n\n<p>Im <strong>2023<\/strong>, wurden etwa 2.000 Freiwilligenstunden geleistet.<\/p>\n\n\n\n<p><strong>7. Angaben zur Herkunft der Mittel<\/strong><\/p>\n\n\n\n<div class=\"wp-block-file\"><a id=\"wp-block-file--media-e3f4a1fe-1164-4307-b2ac-889122625922\" href=\"https:\/\/friendsofwmis.de\/wp-content\/uploads\/2023\/06\/MV-2023-04-Automatisch-gespeichert.pdf\">Gesch\u00e4ftsbericht \/ Jahresbericht 2022 (S. 6)<\/a><a href=\"https:\/\/friendsofwmis.de\/wp-content\/uploads\/2023\/06\/MV-2023-04-Automatisch-gespeichert.pdf\" class=\"wp-block-file__button wp-element-button\" download aria-describedby=\"wp-block-file--media-e3f4a1fe-1164-4307-b2ac-889122625922\">Herunterladen<\/a><\/div>\n\n\n\n<div class=\"wp-block-file\"><a id=\"wp-block-file--media-f4de7223-da82-4461-afbb-66b53a2e84c4\" href=\"https:\/\/friendsofwmis.de\/wp-content\/uploads\/2022\/10\/MV-2022-10-\u2013-Bericht-2021-2.pdf\">Gesch\u00e4ftsbericht \/ Jahresbericht 2021<\/a><a href=\"https:\/\/friendsofwmis.de\/wp-content\/uploads\/2022\/10\/MV-2022-10-\u2013-Bericht-2021-2.pdf\" class=\"wp-block-file__button wp-element-button\" download aria-describedby=\"wp-block-file--media-f4de7223-da82-4461-afbb-66b53a2e84c4\">Herunterladen<\/a><\/div>\n\n\n\n<p><a rel=\"noreferrer noopener\" href=\"https:\/\/friendsofwmis.de\/wp-content\/uploads\/2022\/08\/23-Sept-MV_23.9.final_ohne-Bilder.pptx\" target=\"_blank\">Jahresbericht \/ Jahresbericht 2020<\/a> (S. 8 ff.)<\/p>\n\n\n\n<p><strong>8. Angaben zur Mittelverwendung<\/strong><\/p>\n\n\n\n<div class=\"wp-block-file\"><a id=\"wp-block-file--media-e3f4a1fe-1164-4307-b2ac-889122625922\" href=\"https:\/\/friendsofwmis.de\/wp-content\/uploads\/2023\/06\/MV-2023-04-Automatisch-gespeichert.pdf\">Gesch\u00e4ftsbericht \/ Jahresbericht 2022 (S. 6)<\/a><a href=\"https:\/\/friendsofwmis.de\/wp-content\/uploads\/2023\/06\/MV-2023-04-Automatisch-gespeichert.pdf\" class=\"wp-block-file__button wp-element-button\" download aria-describedby=\"wp-block-file--media-e3f4a1fe-1164-4307-b2ac-889122625922\">Herunterladen<\/a><\/div>\n\n\n\n<div class=\"wp-block-file\"><a id=\"wp-block-file--media-f5bd4fb6-bf3f-465b-b6af-ea39954d103f\" href=\"https:\/\/friendsofwmis.de\/wp-content\/uploads\/2022\/10\/MV-2022-10-\u2013-Bericht-2021-3.pdf\">Gesch\u00e4ftsbericht \/ Jahresbericht 2021<\/a><a href=\"https:\/\/friendsofwmis.de\/wp-content\/uploads\/2022\/10\/MV-2022-10-\u2013-Bericht-2021-3.pdf\" class=\"wp-block-file__button wp-element-button\" download aria-describedby=\"wp-block-file--media-f5bd4fb6-bf3f-465b-b6af-ea39954d103f\">Herunterladen<\/a><\/div>\n\n\n\n<p><a rel=\"noreferrer noopener\" href=\"https:\/\/friendsofwmis.de\/wp-content\/uploads\/2022\/08\/23-Sept-MV_23.9.final_ohne-Bilder.pptx\" target=\"_blank\">Jahresbericht \/ Jahresbericht<\/a> <a rel=\"noreferrer noopener\" href=\"https:\/\/friendsofwmis.de\/wp-content\/uploads\/2022\/08\/23-Sept-MV_23.9.final_ohne-Bilder.pptx\" target=\"_blank\">2020<\/a> (S. 8 ff.)<\/p>\n\n\n\n<p><strong>9. Unternehmenszugeh\u00f6rigkeit zu Dritten<\/strong><strong><\/strong><\/p>\n\n\n\n<p>Ist nicht vorhanden<\/p>\n\n\n\n<p><strong>10. Namen von Einrichtungen \/ Personen, deren j\u00e4hrliche Zahlungen mehr als 10 % des gesamten Jahresbudgets ausmachen<\/strong> <\/p>\n\n\n\n<p>Die gr\u00f6\u00dfte Einzelzahlung in <strong>2023 <\/strong>war eine zweckgebundene Spende in H\u00f6he von 2.500 Euro zur Unterst\u00fctzung des von einem externen Profi geleiteten WUF-Theaterkurses f\u00fcr die 5.\/6. Klasse. Diese Zahlung belief sich auf 6 % des Jahresbudgets.<\/p>\n\n\n\n<p>Die gr\u00f6\u00dfte Einzelzahlung in <strong>2022 <\/strong>war eine zweckgebundene Spende in H\u00f6he von 2.500 Euro zur Unterst\u00fctzung des von einer externen Fachkraft geleiteten WUF-Theaterkurses f\u00fcr die Klassen 5\/6. Diese Zahlung belief sich auf 6,3 % des Jahresbudgets.<\/p>\n\n\n\n<p>Die gr\u00f6\u00dfte Einzelzahlung in <strong>2021<\/strong> betrug der FEIN Garden Development Grant in H\u00f6he von 1.360 Euro, was 5,9 % des Jahresbudgets entspricht.<\/p>\n\n\n\n<p>Die gr\u00f6\u00dfte Einzelzahlung in <strong>2020 <\/strong>war der Zuschuss der Bayer-Stiftung in H\u00f6he von 1.113 Euro, vgl <a rel=\"noreferrer noopener\" href=\"https:\/\/friendsofwmis.de\/wp-content\/uploads\/2022\/08\/23-Sept-MV_23.9.final_ohne-Bilder.pptx\" target=\"_blank\">Jahresbericht \/ Jahresbericht<\/a> 2020 (S. 8), in H\u00f6he von 6,6 % des Jahresbudgets.<\/p>","protected":false},"excerpt":{"rendered":"<p>Friends of Wangari Maathai International School oder Friends of WMIS eV ist ein unabh\u00e4ngiger, gemeinn\u00fctziger Verein mit dem Ziel, Bildung, Volks- und Berufsbildung sowie internationale Gesinnung und Toleranz in allen Bereichen der Kultur zu f\u00f6rdern. Dies geschieht durch materielle und ideelle Unterst\u00fctzung der Wangari Maathai International School in Berlin. Die<span class=\"post-excerpt-end\">\u2026<\/span><\/p>\n<p class=\"more-link\"><a href=\"https:\/\/friendsofwmis.de\/de\/about-us\/\" class=\"themebutton\">Weiterlesen<\/a><\/p>","protected":false},"author":1,"featured_media":0,"parent":0,"menu_order":0,"comment_status":"closed","ping_status":"closed","template":"","meta":{"footnotes":""},"class_list":["post-16","page","type-page","status-publish","hentry"],"jetpack_sharing_enabled":true,"_links":{"self":[{"href":"https:\/\/friendsofwmis.de\/de\/wp-json\/wp\/v2\/pages\/16","targetHints":{"allow":["GET"]}}],"collection":[{"href":"https:\/\/friendsofwmis.de\/de\/wp-json\/wp\/v2\/pages"}],"about":[{"href":"https:\/\/friendsofwmis.de\/de\/wp-json\/wp\/v2\/types\/page"}],"author":[{"embeddable":true,"href":"https:\/\/friendsofwmis.de\/de\/wp-json\/wp\/v2\/users\/1"}],"replies":[{"embeddable":true,"href":"https:\/\/friendsofwmis.de\/de\/wp-json\/wp\/v2\/comments?post=16"}],"version-history":[{"count":31,"href":"https:\/\/friendsofwmis.de\/de\/wp-json\/wp\/v2\/pages\/16\/revisions"}],"predecessor-version":[{"id":927,"href":"https:\/\/friendsofwmis.de\/de\/wp-json\/wp\/v2\/pages\/16\/revisions\/927"}],"wp:attachment":[{"href":"https:\/\/friendsofwmis.de\/de\/wp-json\/wp\/v2\/media?parent=16"}],"curies":[{"name":"wp","href":"https:\/\/api.w.org\/{rel}","templated":true}]}}