{"id":18,"date":"2020-08-30T21:35:53","date_gmt":"2020-08-30T21:35:53","guid":{"rendered":"https:\/\/friendsofwmis.de\/?page_id=18"},"modified":"2020-08-31T21:26:09","modified_gmt":"2020-08-31T21:26:09","slug":"our-projects","status":"publish","type":"page","link":"https:\/\/friendsofwmis.de\/de\/our-projects\/","title":{"rendered":"Unsere Projekte"},"content":{"rendered":"<p>Die Freunde des WMIS eV unterst\u00fctzen die Wangari Maathai International School in Berlin auf vielf\u00e4ltige Weise. Sie finanziert aus ihren regul\u00e4ren Mitgliedsbeitr\u00e4gen Verbesserungsprojekte und Aktivit\u00e4ten rund um die Schule und stellt der Schulleitung ein zus\u00e4tzliches Bildungsbudget f\u00fcr Unterrichtsmaterialien zur Verf\u00fcgung. Werfen wir einen Blick auf den Unterschied, den unsere Unterst\u00fctzung f\u00fcr eine junge Schule mit einem ehrgeizigen Entwicklungsplan macht.<\/p>\n\n\n\n<h2 class=\"wp-block-heading\"><strong>Der Wangari Maathai-Garten<\/strong><\/h2>\n\n\n\n<p>Zu Beginn des Sommers 2018 pflanzte eine Gruppe von Eltern und Sch\u00fclern der Wangari Maathai International School zusammen mit einigen Familien der Nelson Mandela School Sonnenblumen und s\u00e4te Blumensamen vor dem Schulhaus, um den Wangari Maathai Garden ins Leben zu rufen. Bis zum Ende des Sommers war daraus eine wundervolle Wildnis mit tollen Farben, D\u00fcften und flei\u00dfigen Bienen geworden, die alle neuen Familien bei der Einschulung 2018 begr\u00fc\u00dften. 2019 wurde das Projekt von Lehrern und Erziehern fortgef\u00fchrt. Der Verein stellt die finanziellen Mittel f\u00fcr den Garten zur Verf\u00fcgung. Ein Drittmittelantrag wurde erfolgreich beim Landratsamt Charlottenburg-Wilmersdorf eingereicht. Im Rahmen des Projekts \u201eFreiwilliges Engagement in Nachbarschaften (FEIN)\u201c \u2013 DE: Voluntary Engagement in Neighborhoods \u2013 haben wir 2019 bis zu 2500 EUR f\u00fcr das Projekt bewilligt. Wir hoffen, das Projekt des Wangari Maathai Garden mit allen Schulfamilien, die in den kommenden Jahren teilnehmen m\u00f6chten.<\/p>\n\n\n\n<h2 class=\"wp-block-heading\"><strong><strong>Kinder in Not<\/strong><\/strong><\/h2>\n\n\n\n<p>Um jedem Kind unserer Schule den gleichen Zugang zu Schulveranstaltungen zu erm\u00f6glichen, hat der Verein das Projekt \u201eKids in Need\u201c ins Leben gerufen. Dem Verein steht ein von der Mitgliederversammlung aus den Jahresmitteln festgelegtes Budget zur Verf\u00fcgung. Bei Bedarf (zB Erstausstattung, Exkursionen, Klassenfahrten) wenden Sie sich bitte direkt an den Klassenlehrer, die Schulleitung oder den Vorstand.<\/p>\n\n\n\n<h2 class=\"wp-block-heading\">Bildungsbudget <\/h2>\n\n\n\n<p>Unsere Kinder profitieren von einer zweisprachigen Ausbildung in kleinen Klassen \u2013 kostenlos. WMIS ist eine wachsende Schule und ben\u00f6tigt verschiedene Ressourcen, um eine bl\u00fchende Lernumgebung f\u00fcr alle Kinder zu schaffen. Zu diesem Zweck haben die Freunde in enger Zusammenarbeit mit der Schulleitung und dem Elternbeirat (GEV) einen eigenen Bildungshaushalt eingerichtet. Es erm\u00f6glicht die Finanzierung von Materialien und Dienstleistungen, die \u00fcber den Staatshaushalt hinausgehen und von denen die gesamte Schule profitiert (getrennt von klassenspezifischen Kitties). Eine erste Bedarfsermittlung summierte sich auf ca. 10.000\u20ac, darunter zB der Kauf zus\u00e4tzlicher Lehrb\u00fccher zur Nutzung kompletter Sets f\u00fcr Mutter- und Partnersprache, Experimentierk\u00e4sten f\u00fcr Mathematik oder Ressourcen f\u00fcr Kunstprojekte. Auch die Bezahlung von freiberuflicher Unterst\u00fctzung, zB f\u00fcr den Bibliotheksbetrieb, ist bei ausreichender Finanzierung denkbar. Zuweisung von Ressourcen und Priorisierung des Rests mit der Schulleitung. <a href=\"https:\/\/friendsofwmis.de\/index.php\/support-us\/\">Weitere Informationen zum Bildungsbudget finden Sie hier.<\/a><\/p>","protected":false},"excerpt":{"rendered":"<p>Die Friends of WMIS eV unterst\u00fctzen die Wangari Maathai International School in Berlin auf vielf\u00e4ltige Weise. Sie finanziert Verbesserungsprojekte und Aktivit\u00e4ten rund um die Schule aus ihren regul\u00e4ren Mitgliedsbeitr\u00e4gen und stellt der Schulleitung ein zus\u00e4tzliches Bildungsbudget f\u00fcr Unterrichtsmaterial zur Verf\u00fcgung. Schauen wir uns den Unterschied an<span class=\"post-excerpt-end\">\u2026<\/span><\/p>\n<p class=\"more-link\"><a href=\"https:\/\/friendsofwmis.de\/de\/our-projects\/\" class=\"themebutton\">Weiterlesen<\/a><\/p>","protected":false},"author":1,"featured_media":0,"parent":0,"menu_order":0,"comment_status":"closed","ping_status":"closed","template":"","meta":{"footnotes":""},"class_list":["post-18","page","type-page","status-publish","hentry"],"jetpack_sharing_enabled":true,"_links":{"self":[{"href":"https:\/\/friendsofwmis.de\/de\/wp-json\/wp\/v2\/pages\/18","targetHints":{"allow":["GET"]}}],"collection":[{"href":"https:\/\/friendsofwmis.de\/de\/wp-json\/wp\/v2\/pages"}],"about":[{"href":"https:\/\/friendsofwmis.de\/de\/wp-json\/wp\/v2\/types\/page"}],"author":[{"embeddable":true,"href":"https:\/\/friendsofwmis.de\/de\/wp-json\/wp\/v2\/users\/1"}],"replies":[{"embeddable":true,"href":"https:\/\/friendsofwmis.de\/de\/wp-json\/wp\/v2\/comments?post=18"}],"version-history":[{"count":6,"href":"https:\/\/friendsofwmis.de\/de\/wp-json\/wp\/v2\/pages\/18\/revisions"}],"predecessor-version":[{"id":234,"href":"https:\/\/friendsofwmis.de\/de\/wp-json\/wp\/v2\/pages\/18\/revisions\/234"}],"wp:attachment":[{"href":"https:\/\/friendsofwmis.de\/de\/wp-json\/wp\/v2\/media?parent=18"}],"curies":[{"name":"wp","href":"https:\/\/api.w.org\/{rel}","templated":true}]}}