{"id":184,"date":"2021-09-09T21:39:08","date_gmt":"2021-09-09T21:39:08","guid":{"rendered":"https:\/\/friendsofwmis.de\/?page_id=184"},"modified":"2021-09-09T21:39:10","modified_gmt":"2021-09-09T21:39:10","slug":"refund_returns","status":"publish","type":"page","link":"https:\/\/friendsofwmis.de\/de\/refund_returns\/","title":{"rendered":"R\u00fcckerstattungs- und R\u00fcckgaberichtlinie"},"content":{"rendered":"\n<h2 class=\"wp-block-heading\">Quick FAQ<\/h2>\n\n\n\n<p><strong>What\u2019s your return policy?<\/strong><\/p>\n\n\n\n<p>We don\u2019t offer returns and exchanges, but if there\u2019s something wrong with your order, please let us know by contacting us at info@friendsofwmis.de!<\/p>\n\n\n\n<p><strong>Do you offer refunds?<\/strong><\/p>\n\n\n\n<p>Refunds are only offered to customers that receive the wrong items or damaged items. If any of these apply, please contact us at [insert your support email here] with photos of wrong\/damaged items and we\u2019ll sort that out for you.<\/p>\n\n\n\n<p><strong>Can I exchange an item for a different size\/color?<\/strong><\/p>\n\n\n\n<p>At this time, we don&#8217;t offer exchanges. If you\u2019re unsure which size would fit better, check out our sizing charts\u2014we have one for every item listed on our store, in the product description section. Though rare, it&#8217;s possible that an item you ordered was mislabelled. If that\u2019s the case, please let us know at [insert your support email here] within a week after receiving your order. Include your order number and photos of the mislabeled item, and we\u2019ll send you a new one, or issue a refund!<\/p>\n\n\n\n<p><\/p>\n\n\n\n<h2 class=\"wp-block-heading\">Details of the policy<\/h2>\n\n\n\n<p><strong>Returned by Customer &#8211;<\/strong>\u00a0Please contact us before returning any products.\u00a0<\/p>\n\n\n\n<p>Any claims for misprinted\/damaged\/defective items must be submitted within 4 weeks after the product has been received. For packages lost in transit, all claims must be submitted no later than 4 weeks after the estimated delivery date. Claims deemed an error on our part are covered at our expense.<\/p>\n\n\n\n<p>If you notice an issue on the products or anything else on the order, please contact the Friends of WMIS e.V. at info@friendsofwmis.de. <\/p>\n\n\n\n<p>A return for a defective or damaged product needs to be shipped to our partner Printful. When we receive a returned shipment, an automated email notification will be sent to you. Unclaimed returns get donated to charity after 4 weeks.<\/p>\n\n\n\n<p><strong>Wrong Address &#8211;<\/strong>\u00a0If you provide an address that is considered insufficient by the courier, the shipment will be returned to the Printful facility. You will be liable for reshipment costs once we have confirmed an updated address with you (if and as applicable).<\/p>\n\n\n\n<p><strong>Unclaimed &#8211;<\/strong>\u00a0Shipments that go unclaimed are returned to our facility and you will be liable for the cost of a reshipment to yourself (if and as applicable).<\/p>\n\n\n\n<p><strong>Buyer&#8217;s remorse <\/strong>&#8211; as all items are produced on demand and specifically for your order, we cannot offer any refund or exchange for products ordered with the wrong size, color or design. If you\u2019re unsure which size would fit better, check out our sizing charts\u2014we have one for every item listed on our store, in the product description section. <\/p>\n\n\n\n<p><strong>Mislabelled items<\/strong> &#8211; Though rare, it&#8217;s possible that an item you ordered was mislabelled. If that\u2019s the case, please let us know at info@friendsofwmis.de within a week after receiving your order. Include your order number and photos of the mislabeled item, and we\u2019ll send you a new one, or issue a refund!<\/p>\n\n\n\n<p><strong>Notification for EU consumers:<\/strong>&nbsp;According to Article 16(c) and (e) of the Directive 2011\/83\/EU of the European Parliament and of the Council of 25 October 2011 on consumer rights, the right of withdrawal may not be provided for:<\/p>\n\n\n\n<p>1. the supply of goods that are made to the consumer&#8217;s specifications or are clearly personalized;<br>2. sealed goods which were unsealed after delivery and thus aren&#8217;t suitable for return due to health protection or hygiene reasons,<\/p>\n\n\n\n<p>therefore we reserve rights to refuse returns at its sole discretion.<\/p>\n\n\n\n<p>This Policy shall be governed and interpreted in accordance with the English language, regardless of any translations made for any purpose whatsoever.<\/p>\n","protected":false},"excerpt":{"rendered":"<p>Schnelle FAQ Wie sind Ihre R\u00fcckgaberichtlinien? Wir bieten keine R\u00fcckgabe und keinen Umtausch an, aber wenn mit Ihrer Bestellung etwas nicht stimmt, lassen Sie es uns bitte wissen, indem Sie uns unter info@friendsofwmis.de kontaktieren! Bieten Sie R\u00fcckerstattungen an? R\u00fcckerstattungen werden nur Kunden angeboten, die falsche oder besch\u00e4digte Artikel erhalten. Wenn einer dieser Punkte zutrifft, kontaktieren Sie uns bitte<span class=\"post-excerpt-end\">\u2026<\/span><\/p>\n<p class=\"more-link\"><a href=\"https:\/\/friendsofwmis.de\/de\/refund_returns\/\" class=\"themebutton\">Weiterlesen<\/a><\/p>","protected":false},"author":1,"featured_media":0,"parent":0,"menu_order":0,"comment_status":"closed","ping_status":"closed","template":"","meta":{"footnotes":""},"class_list":["post-184","page","type-page","status-publish","hentry"],"jetpack_sharing_enabled":true,"_links":{"self":[{"href":"https:\/\/friendsofwmis.de\/de\/wp-json\/wp\/v2\/pages\/184","targetHints":{"allow":["GET"]}}],"collection":[{"href":"https:\/\/friendsofwmis.de\/de\/wp-json\/wp\/v2\/pages"}],"about":[{"href":"https:\/\/friendsofwmis.de\/de\/wp-json\/wp\/v2\/types\/page"}],"author":[{"embeddable":true,"href":"https:\/\/friendsofwmis.de\/de\/wp-json\/wp\/v2\/users\/1"}],"replies":[{"embeddable":true,"href":"https:\/\/friendsofwmis.de\/de\/wp-json\/wp\/v2\/comments?post=184"}],"version-history":[{"count":1,"href":"https:\/\/friendsofwmis.de\/de\/wp-json\/wp\/v2\/pages\/184\/revisions"}],"predecessor-version":[{"id":409,"href":"https:\/\/friendsofwmis.de\/de\/wp-json\/wp\/v2\/pages\/184\/revisions\/409"}],"wp:attachment":[{"href":"https:\/\/friendsofwmis.de\/de\/wp-json\/wp\/v2\/media?parent=184"}],"curies":[{"name":"wp","href":"https:\/\/api.w.org\/{rel}","templated":true}]}}