{"id":22,"date":"2020-08-30T21:38:49","date_gmt":"2020-08-30T21:38:49","guid":{"rendered":"https:\/\/friendsofwmis.de\/?page_id=22"},"modified":"2022-06-21T20:55:07","modified_gmt":"2022-06-21T20:55:07","slug":"impressum","status":"publish","type":"page","link":"https:\/\/friendsofwmis.de\/de\/impressum\/","title":{"rendered":"Impressum"},"content":{"rendered":"<h4 class=\"wp-block-heading\"><strong>Angaben gem\u00e4\u00df \u00a7 5 TMG<\/strong><\/h4>\n\n\n\n<p>Freunde des WMIS eV \/ Der Vorstand<br>c\/o Wangari Maathai Internationale Schule Berlin<br>Babelsberger Str. 24\/25<br>10715 Berlin<\/p>\n\n\n\n<h4 class=\"wp-block-heading\"><strong>Vertreten durch:<\/strong><\/h4>\n\n\n\n<p>Katrin Angelos (Vorsitzende)<\/p>\n\n\n\n<p>Jenny Bartz (stellv. Vorsitzende)<\/p>\n\n\n\n<p>Maria K\u00f6nig (Schatzmeisterin)<\/p>\n\n\n\n<h4 class=\"wp-block-heading\"><strong>Kontakt:<\/strong><\/h4>\n\n\n\n<p>E-Mail: info@friendsofwmis.de<\/p>\n\n\n\n<h4 class=\"wp-block-heading\"><strong>Registriereneintrag:<\/strong><\/h4>\n\n\n\n<p>Eintragung im Registergericht: Amtsgericht Charlottenburg \u2013 Berlin<br>Registernummer: VR 36804 B<\/p>\n\n\n\n<h4 class=\"wp-block-heading\"><strong>Konto:<\/strong><\/h4>\n\n\n\n<p>Friends of WMIS e.V.<br>Deutsche Skatbank \u2013 Zweigniederlassung der VR-Bank Altenburger Land eG<br>DE47 8306 5408 0004 0832 88<\/p>\n\n\n\n<h4 class=\"wp-block-heading\"><strong>Spenden f\u00fcr das Bildungsbudget:<\/strong><\/h4>\n\n\n\n<p>Friends of WMIS e.V.<br>Deutsche Skatbank \u2013 Zweigniederlassung der VR-Bank Altenburger Land eG<br>IBAN DE82 8306 5408 0304 0832 88<br>BIC: GENO DEF1 SLR<br>Bitte f\u00fcgen Sie Ihrer \u00dcberweisung den Verwendungszweck \u201eBildungsbudget\u201c oder \u201eBildungsbudget\u201c hinzu.<\/p>\n\n\n\n<h4 class=\"wp-block-heading\">Steuernummer:<\/h4>\n\n\n\n<p>27\/653\/59231<\/p>\n\n\n\n<h4 class=\"wp-block-heading\"><strong>Verantwortlich f\u00fcr den Inhalt nach \u00a7 55 Abs. 2 RStV:<\/strong><\/h4>\n\n\n\n<p>Dr. Nils K\u00f6nig<\/p>\n\n\n\n<h4 class=\"wp-block-heading\"><strong>Haftungsausschluss:<\/strong><\/h4>\n\n\n\n<p><em>Haftung f\u00fcr Inhalte<\/em><\/p>\n\n\n\n<p>Die Inhalte unserer Seiten wurden mit gr\u00f6\u00dfter Sorgfalt erstellt. F\u00fcr die Vollst\u00e4ndigkeit und Aktualit\u00e4t der Inhalte can wir jedoch keine Gew\u00e4hr \u00fcbernehmen. Als Diensteanbieter sind wir gem\u00e4\u00df \u00a7 7 Abs.1 TMG f\u00fcr eigene Inhalte auf diesen Seiten nach den allgemeinen Gesetzen verantwortlich. Nach \u00a7\u00a7 8 bis 10 TMG sind wir als Diensteanbieter jedoch nicht verpflichtet, \u00fcbermittelte oder gespeicherte fremde Informationen zu \u00fcberwachen oder nach Umst\u00e4nden zu forschen, sterben auf eine rechtswidrige T\u00e4tigkeit hervorzuheben. Verpflichtungen zur Entfernung oder Sperrung der Nutzung von Informationen nach den allgemeinen Gesetzen bleiben hiervon unber\u00fchrt. Eine diesbez\u00fcgliche Haftung ist jedoch erst ab dem Zeitpunkt der Kenntnis einer konkreten Rechtsverletzung m\u00f6glich. Bei Bekanntwerden von Rechtsverletzungen werden wir diese Inhalte umgehend entfernen.<\/p>\n\n\n\n<p>Unser Angebot enth\u00e4lt Links zu externen Webseiten Dritter, auf deren Inhalte wir keinen Einfluss haben. Deshalb can wir f\u00fcr diese fremden Inhalte auch keine Gew\u00e4hr \u00fcbernehmen. F\u00fcr die Inhalte der verlinkten Seiten ist stets der jeweilige Anbieter oder Betreiber der Seiten verantwortlich. Die verlinkten Seiten wurden zum Zeitpunkt der Verlinkung auf m\u00f6gliche Rechtsverst\u00f6\u00dfe \u00fcberpr\u00fcft. Rechtswidrige Inhalte waren zum Zeitpunkt der Verlinkung nicht erkennbar. Eine permanente inhaltliche Kontrolle der verlinkten Seiten ist jedoch ohne konkrete Anhaltspunkte einer Rechtsverletzung nicht zumutbar. Bei Bekanntwerden von Rechtsverletzungen werden solche Links bevorzugt entfernt.<\/p>\n\n\n\n<p><em>Urheberrecht<\/em><\/p>\n\n\n\n<p><em>Haftung f\u00fcr Links<\/em><\/p>\n\n\n\n<p>Die durch die Seitenbetreiber erstellten Inhalte und Werke auf diesen Seiten unterliegen dem deutschen Urheberrecht. Die Vervielf\u00e4ltigung, Bearbeitung, Verbreitung und jede Art der Verwertung au\u00dferhalb der Grenzen des Urheberrechtes bed\u00fcrfen der schriftlichen Zustimmung des jeweiligen Autors bzw. Erstellers. Downloads und Kopien dieser Seite sind nur f\u00fcr den privaten, nicht kommerziellen Gebrauch gestattet. Also sterben Inhalte auf dieser Seite Nicht vom Betreiber Erstellt wurden, Werden sterben Urheberrechte Dritter beachtet. Inhalte Dritter werden als solche gekennzeichnet. Sollten SIE trotzdem auf eine Urheberrechtsverletzung aufmerksam werden, gebissen wir um einen entsprechenden Hinweis. Bei Bekanntwerden von Rechtsverletzungen werden solche Inhalte direkt entfernt.<\/p>\n\n\n\n<p><em>Datenschutz<\/em><\/p>\n\n\n\n<p>Die Nutzung unserer Webseite ist in der Regel ohne Angabe personenbezogener Daten m\u00f6glich. Soweit auf unseren Seiten personenbezogene Daten (zB Name, Anschrift oder eMail-Adressen) erhoben werden, erfolgt dies, soweit m\u00f6glich, stets auf freiwilliger Basis. Diese Daten werden ohne Ihre ausdr\u00fcckliche Zustimmung nicht an Dritte weitergegeben.<br>Wir weisen darauf hin, dass die Daten\u00fcbertragung im Internet (zB bei der Kommunikation per E-Mail) Sicherheitsl\u00fccken aufweisen kann. Ein l\u00fcckenloser Schutz der Daten vor dem Zugriff durch Dritte ist nicht m\u00f6glich.<br>Die Nutzung von im Rahmen der Impressumspflicht ver\u00f6ffentlichten Kontaktdaten durch Dritte zur \u00dcbersendung von nicht ausdr\u00fccklich angeforderter Werbung und Informationsmaterialien wird hiermit ausdr\u00fccklich widersprochen. Die Betreiber der Seiten merken sich ausdr\u00fccklich rechtliche Schritte im Falle der unverlangten Zusendung von Werbeinformationen, etwa durch Spam-Mails, vor.<\/p>","protected":false},"excerpt":{"rendered":"<p>Angaben gem\u00e4\u00df \u00a7 5 TMG Friends of WMIS eV \/ Der Vorstandc\/o Wangari Maathai Internationale Schule BerlinBabelsberger Str 24\/2510715 Berlin Vertreten durch: Katrin Angelos (Vorsitzende) Jenny Bartz (stellv. Vorsitzende) Maria K\u00f6nig (Schatzmeisterin) Kontakt: E-Mail: info@friendsofwmis.de Registereintrag: Eintragung im Registergericht: Amtsgericht Charlottenburg \u2013 BerlinRegisternummer: VR 36804 B Konto: Friends of WMIS eVDeutsche Skatbank \u2013 Zweigniederlassung der<span class=\"post-excerpt-end\">\u2026<\/span><\/p>\n<p class=\"more-link\"><a href=\"https:\/\/friendsofwmis.de\/de\/impressum\/\" class=\"themebutton\">Weiterlesen<\/a><\/p>","protected":false},"author":1,"featured_media":0,"parent":0,"menu_order":5,"comment_status":"closed","ping_status":"closed","template":"","meta":{"footnotes":""},"class_list":["post-22","page","type-page","status-publish","hentry"],"jetpack_sharing_enabled":true,"_links":{"self":[{"href":"https:\/\/friendsofwmis.de\/de\/wp-json\/wp\/v2\/pages\/22","targetHints":{"allow":["GET"]}}],"collection":[{"href":"https:\/\/friendsofwmis.de\/de\/wp-json\/wp\/v2\/pages"}],"about":[{"href":"https:\/\/friendsofwmis.de\/de\/wp-json\/wp\/v2\/types\/page"}],"author":[{"embeddable":true,"href":"https:\/\/friendsofwmis.de\/de\/wp-json\/wp\/v2\/users\/1"}],"replies":[{"embeddable":true,"href":"https:\/\/friendsofwmis.de\/de\/wp-json\/wp\/v2\/comments?post=22"}],"version-history":[{"count":11,"href":"https:\/\/friendsofwmis.de\/de\/wp-json\/wp\/v2\/pages\/22\/revisions"}],"predecessor-version":[{"id":647,"href":"https:\/\/friendsofwmis.de\/de\/wp-json\/wp\/v2\/pages\/22\/revisions\/647"}],"wp:attachment":[{"href":"https:\/\/friendsofwmis.de\/de\/wp-json\/wp\/v2\/media?parent=22"}],"curies":[{"name":"wp","href":"https:\/\/api.w.org\/{rel}","templated":true}]}}