{"id":24,"date":"2020-08-30T21:42:47","date_gmt":"2020-08-30T21:42:47","guid":{"rendered":"https:\/\/friendsofwmis.de\/?page_id=24"},"modified":"2021-03-14T16:03:45","modified_gmt":"2021-03-14T16:03:45","slug":"about-wmis","status":"publish","type":"page","link":"https:\/\/friendsofwmis.de\/de\/about-wmis\/","title":{"rendered":"\u00dcber die WMIS"},"content":{"rendered":"<p>Die <a href=\"http:\/\/wangari-maathai-schule.de\/\" target=\"_blank\" rel=\"noreferrer noopener\">Wangari-Maathai-Internationale Schule (WMIS)<\/a> ist eine \u00f6ffentliche Schule und ein Spin-off der bekannteren Nelson-Mandela-Schule, die im Jahr 2000 in Berlin gegr\u00fcndet wurde. Das WMIS bietet bilingualen Unterricht in Deutsch und Englisch an. Wie die Nelson Mandela School wurde das WMIS vor allem f\u00fcr Kinder aus hochmobilen Familien gegr\u00fcndet. Nur in der ersten Klasse werden dauerhaft in Berlin lebende Kinder aufgenommen.\u00a0<br><br>Die Schule \u00f6ffnete 2017 ihre Pforten mit nur der 1. Klasse in der Babelsberger Str. 24, Berlin, der auch in den n\u00e4chsten Jahren Schulstandort bleibt. Der endg\u00fcltige Standort der Schule ist noch nicht bekannt und wird derzeit im Berliner Senat gesucht.<\/p>\n\n\n\n<p>WMIS ist derzeit eine j\u00e4hrlich wachsende Grundschule, die mittelfristig die Klassen 1 bis 6 umfassen wird. Langfristig ist auch geplant, eine Sekundarstufe I mit den Klassen 7 bis 10 in Form einer integrierten Sekundarschule anzubieten. Die Hochschulzugangsberechtigung kann dann in einer separaten Sekundarstufe II mit den Klassenstufen 11 bis 13 oder in Kooperation mit einer anderen staatlichen internationalen Schule erworben werden. Ein IB-Programm wie das an der Nelson Mandela School ist derzeit nicht geplant.<\/p>\n\n\n\n<p>Weitere Informationen zur Schule finden Sie auf der offiziellen Website:\u00a0<a href=\"https:\/\/wangari-maathai-schule.jimdofree.com\/\">http:\/\/wangari-maathai-schule.de\/<\/a>.<\/p>\n\n\n\n<h2 class=\"wp-block-heading\"><strong>\u00dcber Wangari Maathai<\/strong><\/h2>\n\n\n\n<p>Der Name der Schule wurde von den Familien der Schule nach dem ber\u00fchmten kenianischen Friedensnobelpreistr\u00e4ger, Professor, Wissenschaftler, Umweltaktivisten, Frauenrechtler, Menschenrechtsaktivisten und gr\u00fcnen Politiker Prof. Dr. Wangari Maathai gew\u00e4hlt.<\/p>\n\n\n\n<p>Die offizielle Taufzeremonie fand am 22. M\u00e4rz 2019 statt. Unter den Teilnehmern waren neben Vertretern des Ausw\u00e4rtigen Amtes und der Senatsverwaltung von Berlin auch der damalige Staatssekret\u00e4r Rackles und der kenianische Botschafter SE Herr Joseph K. Magutt.<\/p>\n\n\n\n<p>Wangari Maathai wurde am 01. April 1940 im Distrikt Nyeri im kenianischen Hochland geboren. Nach ihrer Schulzeit in einer Klosterschule erhielt sie ein Stipendium f\u00fcr ein Biologiestudium in den USA (Mount St. Scholastica College in Kansas). Ihr Studium f\u00fchrte sie auch an die Universit\u00e4ten Pittsburgh, Gie\u00dfen und M\u00fcnchen. 1971 promovierte sie als erste Frau in Ost- und Zentralafrika an der Universit\u00e4t Nairobi. Im selben Jahr wurde sie erste Professorin f\u00fcr Veterin\u00e4ranatomie und sp\u00e4ter Dekanin ihres Fachbereichs an der Universit\u00e4t von Nairobi.&nbsp;<\/p>\n\n\n\n<p>1977 rief sie das Green Belt Movement ins Leben, ein Aufforstungsprojekt zum Schutz vor Erosion. Im Laufe der Jahre ist daraus eine Bewegung geworden, die mittlerweile in 13 L\u00e4ndern aktiv ist, mehrere hundert Baumschulen gegr\u00fcndet und mehrere Millionen neue B\u00e4ume gepflanzt hat. Wangari wurde zur zentralen Identifikationsfigur der Frauenbewegung in Kenia. Von 1976 bis 1987 war sie im kenianischen Nationalen Frauenrat in Kenia aktiv. Von 1981 bis 1987 war sie Vorsitzende des Rates.<\/p>\n\n\n\n<p>In den 1990er Jahren wurde Maathai Pr\u00e4sidentin, deren Engagement f\u00fcr Umweltschutz und Frauenrechte sie immer wieder in Opposition zum damaligen Staatschef Daniel Moi brachte. Nachdem Wangari Maathai 1997 erfolglos f\u00fcr das Parlament und die Pr\u00e4sidentin kandidierte, wurde sie im Dezember 2002 f\u00fcr die von mehreren Oppositionsparteien gegr\u00fcndete \u201eNational Rainbow Coalition (NARC)\u201c ins kenianische Parlament gew\u00e4hlt. Die NARC ersetzte die Regierung von Daniel Moi, und der neu gew\u00e4hlte Pr\u00e4sident Mwai Kibaki ernannte Maathai zum stellvertretenden Umweltminister. Maathai war Gr\u00fcnder der \u201eMazingira Green Party of Kenya\u201c und gilt als erster gr\u00fcner Politiker Afrikas, der den Sprung in die Regierung geschafft hat.<\/p>\n\n\n\n<p>Im April 2004 wurde ihr der internationale Petra-Kelly-Preis der Heinrich-B\u00f6ll-Stiftung verliehen. Im Dezember 2014 erhielt Wangari Maathai als erste Afrikanerin den Friedensnobelpreis f\u00fcr ihr Engagement f\u00fcr \u201enachhaltige Entwicklung, Demokratie und Frieden\u201c. Bereits 1984 erhielt sie f\u00fcr ihr Engagement f\u00fcr die Green Belt Bewegung den Right Livelihood Award (den sogenannten Alternativen Nobelpreis).<\/p>","protected":false},"excerpt":{"rendered":"<p>Die Wangari-Maathai-International School (WMIS) ist eine \u00f6ffentliche Schule und ein Spin-off der bekannteren Nelson-Mandela-Schule, die im Jahr 2000 in Berlin gegr\u00fcndet wurde. Die WMIS bietet zweisprachigen Unterricht in Deutsch und Englisch an. Wie die Nelson-Mandela-Schule wurde auch die WMIS vor allem f\u00fcr Kinder aus hochmobilen Familien gegr\u00fcndet. Nur in der ersten Klasse leben Kinder dauerhaft mit<span class=\"post-excerpt-end\">\u2026<\/span><\/p>\n<p class=\"more-link\"><a href=\"https:\/\/friendsofwmis.de\/de\/about-wmis\/\" class=\"themebutton\">Weiterlesen<\/a><\/p>","protected":false},"author":1,"featured_media":25,"parent":0,"menu_order":3,"comment_status":"closed","ping_status":"closed","template":"","meta":{"footnotes":""},"class_list":["post-24","page","type-page","status-publish","has-post-thumbnail","hentry"],"jetpack_sharing_enabled":true,"_links":{"self":[{"href":"https:\/\/friendsofwmis.de\/de\/wp-json\/wp\/v2\/pages\/24","targetHints":{"allow":["GET"]}}],"collection":[{"href":"https:\/\/friendsofwmis.de\/de\/wp-json\/wp\/v2\/pages"}],"about":[{"href":"https:\/\/friendsofwmis.de\/de\/wp-json\/wp\/v2\/types\/page"}],"author":[{"embeddable":true,"href":"https:\/\/friendsofwmis.de\/de\/wp-json\/wp\/v2\/users\/1"}],"replies":[{"embeddable":true,"href":"https:\/\/friendsofwmis.de\/de\/wp-json\/wp\/v2\/comments?post=24"}],"version-history":[{"count":3,"href":"https:\/\/friendsofwmis.de\/de\/wp-json\/wp\/v2\/pages\/24\/revisions"}],"predecessor-version":[{"id":144,"href":"https:\/\/friendsofwmis.de\/de\/wp-json\/wp\/v2\/pages\/24\/revisions\/144"}],"wp:featuredmedia":[{"embeddable":true,"href":"https:\/\/friendsofwmis.de\/de\/wp-json\/wp\/v2\/media\/25"}],"wp:attachment":[{"href":"https:\/\/friendsofwmis.de\/de\/wp-json\/wp\/v2\/media?parent=24"}],"curies":[{"name":"wp","href":"https:\/\/api.w.org\/{rel}","templated":true}]}}