{"id":63,"date":"2020-08-31T21:25:18","date_gmt":"2020-08-31T21:25:18","guid":{"rendered":"https:\/\/friendsofwmis.de\/?page_id=63"},"modified":"2022-08-28T18:40:05","modified_gmt":"2022-08-28T18:40:05","slug":"support-us","status":"publish","type":"page","link":"https:\/\/friendsofwmis.de\/de\/support-us\/","title":{"rendered":"Unterst\u00fctze uns!"},"content":{"rendered":"<p>Es gibt drei M\u00f6glichkeiten, unseren Verein zu unterst\u00fctzen:<\/p>\n\n\n\n<h2 class=\"wp-block-heading\">Mitgliedschaft<\/h2>\n\n\n\n<p>Unsere <strong>aktive Mitglieder<\/strong> unterst\u00fctzen direkt die Organisation von Friends eV und unsere Projektarbeit. Der Jahresbeitrag f\u00fcr aktive Mitglieder beginnt bei 60,00 \u20ac. Unsere <strong>unterst\u00fctzende Mitglieder<\/strong> nehmen nicht unbedingt eine aktive Rolle in der Mittelbeschaffung, Projektarbeit und Verwaltung unseres Vereins ein. Die F\u00f6rdermitgliedschaft ist ab 150,00 \u20ac pro Jahr erh\u00e4ltlich. <\/p>\n\n\n\n<pre class=\"wp-block-verse\">Unseren Mitgliedsantrag finden Sie auf der <a href=\"https:\/\/friendsofwmis.de\/index.php\/downloads\/\" data-type=\"page\" data-id=\"27\">Downloads<\/a> Seite.  <\/pre>\n\n\n\n<h2 class=\"wp-block-heading\">Bildungsbudget<\/h2>\n\n\n\n<p>Unsere Kinder profitieren von einer zweisprachigen Ausbildung in kleinen Klassen \u2013 kostenlos. WMIS ist eine wachsende Schule und ben\u00f6tigt verschiedene Ressourcen, um eine bl\u00fchende Lernumgebung f\u00fcr alle Kinder zu schaffen. Zu diesem Zweck haben die Freunde in enger Zusammenarbeit mit der Schulleitung und dem Elternbeirat (GEV) einen eigenen Bildungshaushalt eingerichtet. Es erm\u00f6glicht die Finanzierung von Materialien und Dienstleistungen, die \u00fcber den Staatshaushalt hinausgehen und von denen die gesamte Schule profitiert (getrennt von klassenspezifischen Kitties). Eine erste Bedarfsermittlung summierte sich auf ca. 10.000\u20ac, darunter zB der Kauf zus\u00e4tzlicher Lehrb\u00fccher zur Nutzung kompletter Sets f\u00fcr Mutter- und Partnersprache, Experimentierk\u00e4sten f\u00fcr Mathematik oder Ressourcen f\u00fcr Kunstprojekte. Auch die Bezahlung von freiberuflicher Unterst\u00fctzung, zB f\u00fcr den Bibliotheksbetrieb, ist bei ausreichender Finanzierung denkbar. Zuweisung von Ressourcen und Priorisierung des Rests mit der Schulleitung.<\/p>\n\n\n\n<h4 class=\"wp-block-heading\">Zum <strong>Spenden an das Bildungsbudget<\/strong>, die Freunde f\u00fchren ein eigenes Bankkonto:<\/h4>\n\n\n\n<blockquote class=\"wp-block-quote is-layout-flow wp-block-quote-is-layout-flow\"><p>Friends of WMIS e.V.<br>Deutsche Skatbank \u2013 Zweigniederlassung der VR-Bank Altenburger Land eG<br>IBAN DE82 8306 5408 0304 0832 88<br>BIC: GENO DEF1 SLR<br>Bitte f\u00fcgen Sie Ihrer \u00dcberweisung den Verwendungszweck \u201eBildungsbudget\u201c oder \u201eBildungsbudget\u201c hinzu.<\/p><\/blockquote>\n\n\n\n<p>Oder scannen Sie unseren \u201eGirocode\u201c aus Ihrer Banking-App. Der Code enth\u00e4lt alle Konto- und \u00dcberweisungsdetails:<\/p>\n\n\n\n<figure class=\"wp-block-image size-full\"><img loading=\"lazy\" decoding=\"async\" width=\"160\" height=\"160\" src=\"https:\/\/friendsofwmis.de\/wp-content\/uploads\/2021\/11\/unnamed-1.png\" alt=\"\" class=\"wp-image-607\" srcset=\"https:\/\/friendsofwmis.de\/wp-content\/uploads\/2021\/11\/unnamed-1.png 160w, https:\/\/friendsofwmis.de\/wp-content\/uploads\/2021\/11\/unnamed-1-150x150.png 150w, https:\/\/friendsofwmis.de\/wp-content\/uploads\/2021\/11\/unnamed-1-12x12.png 12w, https:\/\/friendsofwmis.de\/wp-content\/uploads\/2021\/11\/unnamed-1-100x100.png 100w\" sizes=\"auto, (max-width: 160px) 100vw, 160px\" \/><\/figure>\n\n\n\n<p>Weitere Informationen zum Bildungsbudget finden Sie in unserer Einf\u00fchrungspr\u00e4sentation:<\/p>\n\n\n\n<div class=\"wp-block-file\"><a id=\"wp-block-file--media-20906429-c855-48be-9872-d948d08d44b4\" href=\"https:\/\/friendsofwmis.de\/wp-content\/uploads\/2021\/09\/Educational-Buget.pdf\">Bildungsbudget<\/a><a href=\"https:\/\/friendsofwmis.de\/wp-content\/uploads\/2021\/09\/Educational-Buget.pdf\" class=\"wp-block-file__button\" download aria-describedby=\"wp-block-file--media-20906429-c855-48be-9872-d948d08d44b4\">Herunterladen<\/a><\/div>\n\n\n\n<p>Sehen Sie sich unser neuestes Fundraising- und Ausgabenniveau des diesj\u00e4hrigen Bildungsbudgets an <a href=\"https:\/\/friendsofwmis.de\/index.php\/2021\/11\/17\/education-budget-2021-22\/\" data-type=\"post\" data-id=\"293\">auf dem Freunde-Blog<\/a>.<\/p>\n\n\n\n<p>Lesen Sie die detaillierte Vereinbarung zwischen WMIS und Friends:<\/p>\n\n\n\n<div class=\"wp-block-file\"><a id=\"wp-block-file--media-b017d1b5-ac1c-4d1a-b926-d2ccbce2bf1d\" href=\"https:\/\/friendsofwmis.de\/wp-content\/uploads\/2022\/07\/Dok-05.-Juli-2022-4.56.pdf\">WMIS &amp; Friends Memorandum zum Bildungsbudget<\/a><a href=\"https:\/\/friendsofwmis.de\/wp-content\/uploads\/2022\/07\/Dok-05.-Juli-2022-4.56.pdf\" class=\"wp-block-file__button\" download aria-describedby=\"wp-block-file--media-b017d1b5-ac1c-4d1a-b926-d2ccbce2bf1d\">Herunterladen<\/a><\/div>\n\n\n\n<p>Umfrage zum Bildungsbudget 2021-22 \u2013 Ergebnisse <\/p>\n\n\n\n<p><\/p>\n\n\n\n<h2 class=\"wp-block-heading\">Unterst\u00fctzen Sie WMIS beim Online-Shopping<\/h2>\n\n\n\n<p>Es ist jetzt m\u00f6glich, unsere Schule beim Online-Einkauf zu unterst\u00fctzen. Wenn Sie bei einigen der \u00fcber 6000 Partnershops einkaufen, wird ein kleiner Teil Ihrer Ausgaben an die Freunde von WMIS gespendet. <\/p>\n\n\n\n<p>Nur besuchen <a rel=\"noreferrer noopener\" href=\"https:\/\/www.wecanhelp.de\/wmis\/\" target=\"_blank\">https:\/\/www.wecanhelp.de\/wmis\/<\/a> f\u00fcr eine Liste aller Partnershops wie Decathlon, Ikea, Thalia, Esprit, myToys etc. Wenn Sie auf den jeweiligen Link klicken, um in den Shop zu gelangen, wird die Zugeh\u00f6rigkeit zu WMIS getrackt und die Spende abh\u00e4ngig vom Wert Ihrer kaufen (bis zu 10%).<\/p>\n\n\n\n<p>Es gibt sogar ein <a rel=\"noreferrer noopener\" href=\"https:\/\/www.wecanhelp.de\/wmis\/shop-alarm\" data-type=\"URL\" data-id=\"https:\/\/www.wecanhelp.de\/wmis\/shop-alarm\" target=\"_blank\">Browser-Addon Shop Alarm<\/a>, die Sie automatisch informiert, wenn Sie ein Gesch\u00e4ft besuchen, das Teil des Charity-Unterst\u00fctzungsprogramms ist. <\/p>\n\n\n\n<figure class=\"wp-block-image size-large is-resized\"><img loading=\"lazy\" decoding=\"async\" src=\"https:\/\/friendsofwmis.de\/wp-content\/uploads\/2021\/11\/WMIS-Wecanhelp-Grafik-1-1024x576.png\" alt=\"\" class=\"wp-image-567\" width=\"543\" height=\"305\" srcset=\"https:\/\/friendsofwmis.de\/wp-content\/uploads\/2021\/11\/WMIS-Wecanhelp-Grafik-1-1024x576.png 1024w, https:\/\/friendsofwmis.de\/wp-content\/uploads\/2021\/11\/WMIS-Wecanhelp-Grafik-1-300x169.png 300w, https:\/\/friendsofwmis.de\/wp-content\/uploads\/2021\/11\/WMIS-Wecanhelp-Grafik-1-768x432.png 768w, https:\/\/friendsofwmis.de\/wp-content\/uploads\/2021\/11\/WMIS-Wecanhelp-Grafik-1-1536x864.png 1536w, https:\/\/friendsofwmis.de\/wp-content\/uploads\/2021\/11\/WMIS-Wecanhelp-Grafik-1-18x10.png 18w, https:\/\/friendsofwmis.de\/wp-content\/uploads\/2021\/11\/WMIS-Wecanhelp-Grafik-1-600x338.png 600w, https:\/\/friendsofwmis.de\/wp-content\/uploads\/2021\/11\/WMIS-Wecanhelp-Grafik-1.png 1920w\" sizes=\"auto, (max-width: 543px) 100vw, 543px\" \/><\/figure>\n\n\n\n<p>Sie k\u00f6nnen auch s<strong>WMIS beim Einkaufen bei Amazon unterst\u00fctzen<\/strong> Wenn Sie diesen WMIS-spezifischen Link verwenden: <strong><a rel=\"noreferrer noopener\" href=\"https:\/\/smile.amazon.de\/ch\/27-653-59231\" data-type=\"URL\" data-id=\"https:\/\/smile.amazon.de\/ch\/27-653-59231\" target=\"_blank\">smile.amazon.de<\/a><\/strong>. Amazon spendet 0,51 TP1 T des Preises f\u00fcr berechtigte Eink\u00e4ufe.<\/p>\n\n\n\n<div id=\"amznCharityBanner\"><script type=\"text\/javascript\">(function() {var iFrame = document.createElement('iframe'); iFrame.style.display = 'none'; iFrame.style.border = \"none\"; iFrame.width = 310; iFrame.height = 256; iFrame.setAttribute && iFrame.setAttribute('scrolling', 'no'); iFrame.setAttribute('frameborder', '0'); setTimeout(function() {var contents = (iFrame.contentWindow) ? iFrame.contentWindow : (iFrame.contentDocument.document) ? iFrame.contentDocument.document : iFrame.contentDocument; contents.document.open(); contents.document.write(decodeURIComponent(\"%3Cdiv%20id%3D%22amznCharityBannerInner%22%3E%3Ca%20href%3D%22https%3A%2F%2Fsmile.amazon.de%2Fch%2F27-653-59231%22%20target%3D%22_blank%22%3E%3Cdiv%20class%3D%22text%22%20height%3D%22%22%3E%3Cdiv%20class%3D%22support-wrapper%22%3E%3Cdiv%20class%3D%22support%22%20style%3D%22font-size%3A%2025px%3B%20line-height%3A%2028px%3B%20margin-top%3A%2015px%3B%20margin-bottom%3A%2015px%3B%22%3EUnterst%C3%BCtzen%20Sie%20%3Cspan%20id%3D%22charity-name%22%20style%3D%22display%3A%20inline-block%3B%22%3EFriends%20of%20WMIS%20e.V.%2C%3C%2Fspan%3E%3C%2Fdiv%3E%3C%2Fdiv%3E%3Cdiv%20class%3D%22when-shop%22%3Eindem%20Sie%20auf%20%3Cb%3Esmile.amazon.de%3C%2Fb%3E%3C%2Fdiv%3E%3Cdiv%20class%3D%22donates%22%3E%20einkaufen.%3C%2Fdiv%3E%3C%2Fdiv%3E%3C%2Fa%3E%3C%2Fdiv%3E%3Cstyle%3E%23amznCharityBannerInner%7Bbackground-image%3Aurl(https%3A%2F%2Fimages-na.ssl-images-amazon.com%2Fimages%2FG%2F03%2Fx-locale%2Fpaladin%2Fcharitycentral%2Fbanner-background-image._CB485921641_.png)%3Bwidth%3A300px%3Bheight%3A250px%3Bposition%3Arelative%7D%23amznCharityBannerInner%20a%7Bdisplay%3Ablock%3Bwidth%3A100%25%3Bheight%3A100%25%3Bposition%3Arelative%3Bcolor%3A%23000%3Btext-decoration%3Anone%7D.text%7Bposition%3Aabsolute%3Btop%3A20px%3Bleft%3A15px%3Bright%3A15px%3Bbottom%3A100px%7D.support-wrapper%7Boverflow%3Ahidden%3Bmax-height%3A86px%7D.support%7Bfont-family%3AArial%2Csans%3Bfont-weight%3A700%3Bline-height%3A28px%3Bfont-size%3A25px%3Bcolor%3A%23333%3Btext-align%3Acenter%3Bmargin%3A0%3Bpadding%3A0%3Bbackground%3A0%200%7D.when-shop%7Bfont-family%3AArial%2Csans%3Bfont-size%3A15px%3Bfont-weight%3A400%3Bline-height%3A15px%3Bcolor%3A%23333%3Btext-align%3Acenter%3Bmargin%3A0%3Bpadding%3A0%3Bbackground%3A0%200%7D.donates%7Bfont-family%3AArial%2Csans%3Bfont-size%3A15px%3Bfont-weight%3A400%3Bline-height%3A21px%3Bcolor%3A%23333%3Btext-align%3Acenter%3Bmargin%3A0%3Bpadding%3A0%3Bbackground%3A0%200%7D%3C%2Fstyle%3E\")); contents.document.close(); iFrame.style.display = 'block';}); document.getElementById('amznCharityBanner').appendChild(iFrame); })(); <\/script><\/div>","protected":false},"excerpt":{"rendered":"<p>Unseren Verein k\u00f6nnen Sie auf drei Arten unterst\u00fctzen: Mitgliedschaft Unsere aktiven Mitglieder unterst\u00fctzen direkt die Organisation von Friends eV und unsere Projektarbeit. Der Jahresbeitrag f\u00fcr aktive Mitglieder beginnt bei 60,00 \u20ac. Unsere f\u00f6rdernden Mitglieder beteiligen sich nicht unbedingt aktiv an der Mittelbeschaffung, Projektarbeit und Verwaltung unseres Vereins. Eine F\u00f6rdermitgliedschaft ist m\u00f6glich<span class=\"post-excerpt-end\">\u2026<\/span><\/p>\n<p class=\"more-link\"><a href=\"https:\/\/friendsofwmis.de\/de\/support-us\/\" class=\"themebutton\">Weiterlesen<\/a><\/p>","protected":false},"author":1,"featured_media":0,"parent":0,"menu_order":0,"comment_status":"closed","ping_status":"closed","template":"","meta":{"footnotes":""},"class_list":["post-63","page","type-page","status-publish","hentry"],"jetpack_sharing_enabled":true,"_links":{"self":[{"href":"https:\/\/friendsofwmis.de\/de\/wp-json\/wp\/v2\/pages\/63","targetHints":{"allow":["GET"]}}],"collection":[{"href":"https:\/\/friendsofwmis.de\/de\/wp-json\/wp\/v2\/pages"}],"about":[{"href":"https:\/\/friendsofwmis.de\/de\/wp-json\/wp\/v2\/types\/page"}],"author":[{"embeddable":true,"href":"https:\/\/friendsofwmis.de\/de\/wp-json\/wp\/v2\/users\/1"}],"replies":[{"embeddable":true,"href":"https:\/\/friendsofwmis.de\/de\/wp-json\/wp\/v2\/comments?post=63"}],"version-history":[{"count":13,"href":"https:\/\/friendsofwmis.de\/de\/wp-json\/wp\/v2\/pages\/63\/revisions"}],"predecessor-version":[{"id":698,"href":"https:\/\/friendsofwmis.de\/de\/wp-json\/wp\/v2\/pages\/63\/revisions\/698"}],"wp:attachment":[{"href":"https:\/\/friendsofwmis.de\/de\/wp-json\/wp\/v2\/media?parent=63"}],"curies":[{"name":"wp","href":"https:\/\/api.w.org\/{rel}","templated":true}]}}