{"id":235,"date":"2021-09-05T19:48:17","date_gmt":"2021-09-05T19:48:17","guid":{"rendered":"https:\/\/friendsofwmis.de\/index.php\/product\/wmis-sports-bag\/"},"modified":"2022-05-27T20:25:24","modified_gmt":"2022-05-27T20:25:24","slug":"wmis-sports-bag","status":"publish","type":"product","link":"https:\/\/friendsofwmis.de\/de\/produkt\/wmis-sports-bag\/","title":{"rendered":"WMIS Sporttasche"},"content":{"rendered":"<p>Zeigen Sie Ihre Leidenschaft f\u00fcr WMIS in Berlin mit dieser stylischen Sporttasche. Es ist robust genug f\u00fcr Schuhe und Sportkleidung und hat eine sch\u00f6ne t\u00fcrkise Farbe. <br \/>\n\u2022 100% gesponnenes Polyester<br \/>\n\u2022 Einheitsgr\u00f6\u00dfe: 15\u2033 \u00d7 17\u2033 (38,1 cm \u00d7 43,2 cm)<br \/>\n\u2022 Stoffgewicht: 224 g\/m\u00b2 (6,61 oz\/yd\u00b2)<br \/>\n\u2022 H\u00f6chstgewicht: 15 kg (33 lbs)<br \/>\n\u2022 Zwillingsgriffe aus Baumwolle<br \/>\n\u2022 Kordelzugverschluss<\/p>","protected":false},"excerpt":{"rendered":"<p>Zeigen Sie Ihre Leidenschaft f\u00fcr WMIS in Berlin mit dieser stylischen Sporttasche. Es ist robust genug f\u00fcr Schuhe und Sportkleidung und hat eine sch\u00f6ne t\u00fcrkise Farbe. \u2022 100%-Spinnpolyester \u2022 Einheitsgr\u00f6\u00dfe: 15\u2033 \u00d7 17\u2033 (38,1 cm \u00d7 43,2 cm) \u2022 Stoffgewicht: 6,61 oz\/yd\u00b2 (224 g\/m\u00b2) \u2022 H\u00f6chstgewicht: 33 lbs (15<span class=\"post-excerpt-end\">\u2026<\/span><\/p>\n<p class=\"more-link\"><a href=\"https:\/\/friendsofwmis.de\/de\/produkt\/wmis-sports-bag\/\" class=\"themebutton\">Weiterlesen<\/a><\/p>","protected":false},"featured_media":236,"comment_status":"open","ping_status":"closed","template":"","meta":[],"product_brand":[],"product_cat":[15],"product_tag":[],"class_list":{"0":"post-235","1":"product","2":"type-product","3":"status-publish","4":"has-post-thumbnail","6":"product_cat-uncategorized","8":"first","9":"instock","10":"taxable","11":"shipping-taxable","12":"purchasable","13":"product-type-simple"},"jetpack_sharing_enabled":true,"_links":{"self":[{"href":"https:\/\/friendsofwmis.de\/de\/wp-json\/wp\/v2\/product\/235","targetHints":{"allow":["GET"]}}],"collection":[{"href":"https:\/\/friendsofwmis.de\/de\/wp-json\/wp\/v2\/product"}],"about":[{"href":"https:\/\/friendsofwmis.de\/de\/wp-json\/wp\/v2\/types\/product"}],"replies":[{"embeddable":true,"href":"https:\/\/friendsofwmis.de\/de\/wp-json\/wp\/v2\/comments?post=235"}],"wp:featuredmedia":[{"embeddable":true,"href":"https:\/\/friendsofwmis.de\/de\/wp-json\/wp\/v2\/media\/236"}],"wp:attachment":[{"href":"https:\/\/friendsofwmis.de\/de\/wp-json\/wp\/v2\/media?parent=235"}],"wp:term":[{"taxonomy":"product_brand","embeddable":true,"href":"https:\/\/friendsofwmis.de\/de\/wp-json\/wp\/v2\/product_brand?post=235"},{"taxonomy":"product_cat","embeddable":true,"href":"https:\/\/friendsofwmis.de\/de\/wp-json\/wp\/v2\/product_cat?post=235"},{"taxonomy":"product_tag","embeddable":true,"href":"https:\/\/friendsofwmis.de\/de\/wp-json\/wp\/v2\/product_tag?post=235"}],"curies":[{"name":"wp","href":"https:\/\/api.w.org\/{rel}","templated":true}]}}