{"id":251,"date":"2021-09-05T20:15:04","date_gmt":"2021-09-05T20:15:04","guid":{"rendered":"https:\/\/friendsofwmis.de\/index.php\/product\/wmis-t-shirt-adults\/"},"modified":"2025-11-03T19:28:41","modified_gmt":"2025-11-03T19:28:41","slug":"wmis-t-shirt-adults","status":"publish","type":"product","link":"https:\/\/friendsofwmis.de\/de\/produkt\/wmis-t-shirt-adults\/","title":{"rendered":"WMIS T-Shirt Erwachsene"},"content":{"rendered":"<p>Begleiten Sie Ihr Kind bei der Pr\u00e4sentation von WMIS. Hergestellt aus ringgesponnener Bio-Baumwolle 100%. Es ist hochwertig, super bequem und vor allem umweltfreundlich.<\/p>\n<p>\u2022 100% ringgesponnene Bio-Baumwolle<br \/>\n\u2022 Stoffgewicht: 180 g\/m\u00b2 (5,3 oz\/yd\u00b2)<br \/>\n\u2022 Single-Jersey<br \/>\n\u2022 Mittlere Passform<br \/>\n\u2022 Eingesetzte \u00c4rmel<br \/>\n\u2022 1 \u00d7 1 Rippe am Kragen<br \/>\n\u2022 Breite Doppelnadel-Steppn\u00e4hte an den \u00c4rmeln und unteren S\u00e4umen<br \/>\n\u2022 Nackenband aus dem gleichen Stoff (Innenseite, Nacken)esh<\/p>","protected":false},"excerpt":{"rendered":"<p>Begleiten Sie Ihr Kind bei der Pr\u00e4sentation von WMIS. Hergestellt aus ringgesponnener Bio-Baumwolle 100%. Es ist hochwertig, super bequem und vor allem umweltfreundlich. \u2022 100% ringgesponnene Bio-Baumwolle \u2022 Stoffgewicht: 5,3 oz\/yd\u00b2 (180 g\/m\u00b2) \u2022 Single-Jersey \u2022 Mittlere Passform \u2022 Angesetzte \u00c4rmel \u2022 1 \u00d7 1-Ripp am Kragen \u2022 Breite Doppeln\u00e4hte an den \u00c4rmeln<span class=\"post-excerpt-end\">\u2026<\/span><\/p>\n<p class=\"more-link\"><a href=\"https:\/\/friendsofwmis.de\/de\/produkt\/wmis-t-shirt-adults\/\" class=\"themebutton\">Weiterlesen<\/a><\/p>","protected":false},"featured_media":269,"comment_status":"open","ping_status":"closed","template":"","meta":[],"product_brand":[],"product_cat":[15],"product_tag":[],"class_list":{"0":"post-251","1":"product","2":"type-product","3":"status-publish","4":"has-post-thumbnail","6":"product_cat-uncategorized","8":"first","9":"instock","10":"taxable","11":"shipping-taxable","12":"purchasable","13":"product-type-variable"},"jetpack_sharing_enabled":true,"_links":{"self":[{"href":"https:\/\/friendsofwmis.de\/de\/wp-json\/wp\/v2\/product\/251","targetHints":{"allow":["GET"]}}],"collection":[{"href":"https:\/\/friendsofwmis.de\/de\/wp-json\/wp\/v2\/product"}],"about":[{"href":"https:\/\/friendsofwmis.de\/de\/wp-json\/wp\/v2\/types\/product"}],"replies":[{"embeddable":true,"href":"https:\/\/friendsofwmis.de\/de\/wp-json\/wp\/v2\/comments?post=251"}],"wp:featuredmedia":[{"embeddable":true,"href":"https:\/\/friendsofwmis.de\/de\/wp-json\/wp\/v2\/media\/269"}],"wp:attachment":[{"href":"https:\/\/friendsofwmis.de\/de\/wp-json\/wp\/v2\/media?parent=251"}],"wp:term":[{"taxonomy":"product_brand","embeddable":true,"href":"https:\/\/friendsofwmis.de\/de\/wp-json\/wp\/v2\/product_brand?post=251"},{"taxonomy":"product_cat","embeddable":true,"href":"https:\/\/friendsofwmis.de\/de\/wp-json\/wp\/v2\/product_cat?post=251"},{"taxonomy":"product_tag","embeddable":true,"href":"https:\/\/friendsofwmis.de\/de\/wp-json\/wp\/v2\/product_tag?post=251"}],"curies":[{"name":"wp","href":"https:\/\/api.w.org\/{rel}","templated":true}]}}