{"id":306,"date":"2021-09-06T21:04:29","date_gmt":"2021-09-06T21:04:29","guid":{"rendered":"https:\/\/friendsofwmis.de\/index.php\/product\/wmis-kids-cap\/"},"modified":"2023-08-22T07:59:51","modified_gmt":"2023-08-22T07:59:51","slug":"wmis-kids-cap","status":"publish","type":"product","link":"https:\/\/friendsofwmis.de\/de\/produkt\/wmis-kids-cap\/","title":{"rendered":"WMIS Kinderm\u00fctze"},"content":{"rendered":"<p>Lassen Sie Ihre Kleinen WMIS mit dieser 100% Kinderkappe aus Baumwolle stilvoll pr\u00e4sentieren. Es hat einen Gr\u00f6\u00dfenversteller und einen Knopf, um die Kappe zu sichern, damit es ihnen genau passt!<\/p>\n<p>\u2022 Baumwolle 100%<br \/>\n\u2022 5-Panel, vorgebogener Schirm<br \/>\n\u2022 Gen\u00e4hte Luft\u00f6sen<br \/>\n\u2022 Rip-Strip\u2122-Gr\u00f6\u00dfenversteller<br \/>\n\u2022 Kindersicherer Knopf zum Sichern der Kappe<br \/>\n\u2022 Produktabmessungen: 3\u2033 (7,5 cm) H\u00f6he, 6\u2033 (15 cm) Breite und 2,6\u2033 (6,5 cm) Krempenl\u00e4nge<br \/>\n\u2022 Kopfumfang: 19\u2033\u201323\u2033 (48,3 cm\u201358,4 cm)<\/p>","protected":false},"excerpt":{"rendered":"<p>Lassen Sie Ihre Kleinen WMIS mit dieser 100% Kinderkappe aus Baumwolle stilvoll pr\u00e4sentieren. Es hat einen Gr\u00f6\u00dfenversteller und einen Knopf, um die Kappe zu sichern, damit es ihnen genau passt! \u2022 100%-Baumwolle \u2022 5-teiliges, vorgebogenes Schild \u2022 Gen\u00e4hte Luft\u00f6sen \u2022 Rip-Strip\u2122-Gr\u00f6\u00dfenverstellung \u2022 Kindersicherer Knopf zum Sichern der Kappe \u2022<span class=\"post-excerpt-end\">\u2026<\/span><\/p>\n<p class=\"more-link\"><a href=\"https:\/\/friendsofwmis.de\/de\/produkt\/wmis-kids-cap\/\" class=\"themebutton\">Weiterlesen<\/a><\/p>","protected":false},"featured_media":311,"comment_status":"open","ping_status":"closed","template":"","meta":[],"product_brand":[],"product_cat":[15],"product_tag":[],"class_list":{"0":"post-306","1":"product","2":"type-product","3":"status-publish","4":"has-post-thumbnail","6":"product_cat-uncategorized","8":"first","9":"outofstock","10":"taxable","11":"shipping-taxable","12":"purchasable","13":"product-type-variable"},"jetpack_sharing_enabled":true,"_links":{"self":[{"href":"https:\/\/friendsofwmis.de\/de\/wp-json\/wp\/v2\/product\/306","targetHints":{"allow":["GET"]}}],"collection":[{"href":"https:\/\/friendsofwmis.de\/de\/wp-json\/wp\/v2\/product"}],"about":[{"href":"https:\/\/friendsofwmis.de\/de\/wp-json\/wp\/v2\/types\/product"}],"replies":[{"embeddable":true,"href":"https:\/\/friendsofwmis.de\/de\/wp-json\/wp\/v2\/comments?post=306"}],"wp:featuredmedia":[{"embeddable":true,"href":"https:\/\/friendsofwmis.de\/de\/wp-json\/wp\/v2\/media\/311"}],"wp:attachment":[{"href":"https:\/\/friendsofwmis.de\/de\/wp-json\/wp\/v2\/media?parent=306"}],"wp:term":[{"taxonomy":"product_brand","embeddable":true,"href":"https:\/\/friendsofwmis.de\/de\/wp-json\/wp\/v2\/product_brand?post=306"},{"taxonomy":"product_cat","embeddable":true,"href":"https:\/\/friendsofwmis.de\/de\/wp-json\/wp\/v2\/product_cat?post=306"},{"taxonomy":"product_tag","embeddable":true,"href":"https:\/\/friendsofwmis.de\/de\/wp-json\/wp\/v2\/product_tag?post=306"}],"curies":[{"name":"wp","href":"https:\/\/api.w.org\/{rel}","templated":true}]}}