{"id":320,"date":"2021-09-06T21:06:23","date_gmt":"2021-09-06T21:06:23","guid":{"rendered":"https:\/\/friendsofwmis.de\/index.php\/product\/wmis-adults-cap-2\/"},"modified":"2026-01-26T08:23:33","modified_gmt":"2026-01-26T08:23:33","slug":"wmis-adults-cap-2","status":"publish","type":"product","link":"https:\/\/friendsofwmis.de\/de\/produkt\/wmis-adults-cap-2\/","title":{"rendered":"WMIS M\u00fctze f\u00fcr Erwachsene"},"content":{"rendered":"<p>Schlichtes, aber hochwertiges Basecap f\u00fcr Erwachsene, mit dem du deine Leidenschaft f\u00fcr WMIS zeigen und teilen kannst. Diese Kappe hat ein niedriges Profil mit einem verstellbaren Riemen und einem gebogenen Schirm.<\/p>\n<p>\u2022 100% Chino-Baumwolltwill<br \/>\n\u2022 Gr\u00fcne Camo-Farbe ist 35% Chino-Baumwoll-Twill, 65% Polyester<br \/>\n\u2022 Unstrukturiert, 6-teilig, flaches Profil<br \/>\n\u2022 6 gestickte \u00d6sen<br \/>\n\u2022 3 \u215b\u201d (7,6 cm) Krone<br \/>\n\u2022 Verstellbarer Riemen mit antiker Schnalle<br \/>\n\u2022 Kopfumfang: 20 \u00bd\u2033\u201321 \u215d\u2033 (50,8 cm\u201353,3 cm)<\/p>","protected":false},"excerpt":{"rendered":"<p>Schlichtes, aber hochwertiges Basecap f\u00fcr Erwachsene, mit dem du deine Leidenschaft f\u00fcr WMIS zeigen und teilen kannst. Diese Kappe hat ein niedriges Profil mit einem verstellbaren Riemen und einem gebogenen Schirm. \u2022 100% Chino-Baumwoll-Twill \u2022 Gr\u00fcne Camo-Farbe ist 35% Chino-Baumwoll-Twill, 65% Polyester \u2022 Unstrukturiert, 6 Bahnen, flaches Profil \u2022 6 gestickte \u00d6sen<span class=\"post-excerpt-end\">\u2026<\/span><\/p>\n<p class=\"more-link\"><a href=\"https:\/\/friendsofwmis.de\/de\/produkt\/wmis-adults-cap-2\/\" class=\"themebutton\">Weiterlesen<\/a><\/p>","protected":false},"featured_media":326,"comment_status":"open","ping_status":"closed","template":"","meta":[],"product_brand":[],"product_cat":[15],"product_tag":[],"class_list":{"0":"post-320","1":"product","2":"type-product","3":"status-publish","4":"has-post-thumbnail","6":"product_cat-uncategorized","8":"first","9":"instock","10":"taxable","11":"shipping-taxable","12":"purchasable","13":"product-type-variable"},"jetpack_sharing_enabled":true,"_links":{"self":[{"href":"https:\/\/friendsofwmis.de\/de\/wp-json\/wp\/v2\/product\/320","targetHints":{"allow":["GET"]}}],"collection":[{"href":"https:\/\/friendsofwmis.de\/de\/wp-json\/wp\/v2\/product"}],"about":[{"href":"https:\/\/friendsofwmis.de\/de\/wp-json\/wp\/v2\/types\/product"}],"replies":[{"embeddable":true,"href":"https:\/\/friendsofwmis.de\/de\/wp-json\/wp\/v2\/comments?post=320"}],"wp:featuredmedia":[{"embeddable":true,"href":"https:\/\/friendsofwmis.de\/de\/wp-json\/wp\/v2\/media\/326"}],"wp:attachment":[{"href":"https:\/\/friendsofwmis.de\/de\/wp-json\/wp\/v2\/media?parent=320"}],"wp:term":[{"taxonomy":"product_brand","embeddable":true,"href":"https:\/\/friendsofwmis.de\/de\/wp-json\/wp\/v2\/product_brand?post=320"},{"taxonomy":"product_cat","embeddable":true,"href":"https:\/\/friendsofwmis.de\/de\/wp-json\/wp\/v2\/product_cat?post=320"},{"taxonomy":"product_tag","embeddable":true,"href":"https:\/\/friendsofwmis.de\/de\/wp-json\/wp\/v2\/product_tag?post=320"}],"curies":[{"name":"wp","href":"https:\/\/api.w.org\/{rel}","templated":true}]}}