{"id":338,"date":"2021-09-06T21:19:51","date_gmt":"2021-09-06T21:19:51","guid":{"rendered":"https:\/\/friendsofwmis.de\/index.php\/product\/wmis-hoodie-kids-white-print\/"},"modified":"2023-04-22T21:58:08","modified_gmt":"2023-04-22T21:58:08","slug":"wmis-hoodie-kids-white-print","status":"publish","type":"product","link":"https:\/\/friendsofwmis.de\/de\/produkt\/wmis-hoodie-kids-white-print\/","title":{"rendered":"WMIS Hoodie Kinder Wei\u00df Print"},"content":{"rendered":"<p>Auf der Suche nach einem bequemen Hoodie f\u00fcr Ihr Kleines? Dieser \u00d6ko-Hoodie f\u00fcr Kinder in Premiumqualit\u00e4t hat eine K\u00e4ngurutasche auf der Vorderseite, gerippte B\u00fcndchen und eine gef\u00fctterte Kapuze f\u00fcr zus\u00e4tzliche W\u00e4rme. Es ist eng anliegend und f\u00fchlt sich weich an. Dar\u00fcber hinaus besteht der Hoodie aus Bio-Baumwolle und recyceltem Polyester, was ihn zu einer umweltfreundlicheren Modewahl macht!<\/p>\n<p>\u2022 80% Bio-Baumwolle, 20% recycelter Polyester<br \/>\n\u2022 Au\u00dfen: 100% Bio-Baumwolle<br \/>\n\u2022 Raglan\u00e4rmel<br \/>\n\u2022 3 Garne <br \/>\n\u2022 2\u00d72 gerippte B\u00fcndchen und Saum<br \/>\n\u2022 Nackenband aus dem gleichen Stoff (innen, Nacken) <br \/>\n\u2022 Halbmond im Kragen<br \/>\n\u2022 Mit Jersey gef\u00fctterte Kapuze<br \/>\n\u2022 Geb\u00fcrstetes Futter<\/p>","protected":false},"excerpt":{"rendered":"<p>Auf der Suche nach einem bequemen Hoodie f\u00fcr Ihr Kleines? Dieser \u00d6ko-Hoodie f\u00fcr Kinder in Premiumqualit\u00e4t hat eine K\u00e4ngurutasche auf der Vorderseite, gerippte B\u00fcndchen und eine gef\u00fctterte Kapuze f\u00fcr zus\u00e4tzliche W\u00e4rme. Es ist eng anliegend und f\u00fchlt sich weich an. Dar\u00fcber hinaus besteht der Hoodie aus Bio-Baumwolle und recyceltem Polyester, was ihn zu einer umweltfreundlicheren Modewahl macht!<span class=\"post-excerpt-end\">\u2026<\/span><\/p>\n<p class=\"more-link\"><a href=\"https:\/\/friendsofwmis.de\/de\/produkt\/wmis-hoodie-kids-white-print\/\" class=\"themebutton\">Weiterlesen<\/a><\/p>","protected":false},"featured_media":351,"comment_status":"open","ping_status":"closed","template":"","meta":[],"product_brand":[],"product_cat":[15],"product_tag":[],"class_list":{"0":"post-338","1":"product","2":"type-product","3":"status-publish","4":"has-post-thumbnail","6":"product_cat-uncategorized","8":"first","9":"instock","10":"taxable","11":"shipping-taxable","12":"purchasable","13":"product-type-variable"},"jetpack_sharing_enabled":true,"_links":{"self":[{"href":"https:\/\/friendsofwmis.de\/de\/wp-json\/wp\/v2\/product\/338","targetHints":{"allow":["GET"]}}],"collection":[{"href":"https:\/\/friendsofwmis.de\/de\/wp-json\/wp\/v2\/product"}],"about":[{"href":"https:\/\/friendsofwmis.de\/de\/wp-json\/wp\/v2\/types\/product"}],"replies":[{"embeddable":true,"href":"https:\/\/friendsofwmis.de\/de\/wp-json\/wp\/v2\/comments?post=338"}],"wp:featuredmedia":[{"embeddable":true,"href":"https:\/\/friendsofwmis.de\/de\/wp-json\/wp\/v2\/media\/351"}],"wp:attachment":[{"href":"https:\/\/friendsofwmis.de\/de\/wp-json\/wp\/v2\/media?parent=338"}],"wp:term":[{"taxonomy":"product_brand","embeddable":true,"href":"https:\/\/friendsofwmis.de\/de\/wp-json\/wp\/v2\/product_brand?post=338"},{"taxonomy":"product_cat","embeddable":true,"href":"https:\/\/friendsofwmis.de\/de\/wp-json\/wp\/v2\/product_cat?post=338"},{"taxonomy":"product_tag","embeddable":true,"href":"https:\/\/friendsofwmis.de\/de\/wp-json\/wp\/v2\/product_tag?post=338"}],"curies":[{"name":"wp","href":"https:\/\/api.w.org\/{rel}","templated":true}]}}