{"id":411,"date":"2021-09-09T22:03:56","date_gmt":"2021-09-09T22:03:56","guid":{"rendered":"https:\/\/friendsofwmis.de\/index.php\/product\/wmis-t-shirt-kids\/"},"modified":"2026-02-07T14:31:23","modified_gmt":"2026-02-07T14:31:23","slug":"wmis-t-shirt-kids","status":"publish","type":"product","link":"https:\/\/friendsofwmis.de\/de\/produkt\/wmis-t-shirt-kids\/","title":{"rendered":"WMIS T-Shirt Kinder \u2013 wei\u00dfer Aufdruck"},"content":{"rendered":"<p>Stecken Sie Ihre Kinder in ein T-Shirt, das s\u00fc\u00df, super bequem und aus nat\u00fcrlichen Stoffen ist! Dieses 100% Bio-Baumwoll-T-Shirt wird sicher ihr Favorit!<br \/>\n\u2022 100% ringgesponnene, gek\u00e4mmte Bio-Baumwolle<br \/>\n\u2022 Stoffgewicht: 155 g\/m\u00b2 (4,57 oz\/yd\u00b2)<br \/>\n\u2022 Single-Jersey<br \/>\n\u2022 Mittlere Passform<br \/>\n\u2022 Eingesetzte \u00c4rmel<br \/>\n\u2022 1\u00d71 Ripp am Kragen<br \/>\n\u2022 Schmale Doppelnadel-Steppn\u00e4hte an den \u00c4rmeln und unteren S\u00e4umen<br \/>\n\u2022 Nackenband aus dem gleichen Stoff (innen, Nacken)<br \/>\nBitte werfen Sie einen Blick auf die Gr\u00f6\u00dfentabelle, um die richtige Gr\u00f6\u00dfe f\u00fcr Ihren Artikel zu bestimmen. 7\/8 Jahre = Gr\u00f6\u00dfe 122\/128, 9\/11 Jahre = Gr\u00f6\u00dfe 134\/140<\/p>","protected":false},"excerpt":{"rendered":"<p>Stecken Sie Ihre Kinder in ein T-Shirt, das s\u00fc\u00df, super bequem und aus nat\u00fcrlichen Stoffen ist! Dieses 100% Bio-Baumwoll-T-Shirt wird sicher ihr Favorit! \u2022 100% ringgesponnene, gek\u00e4mmte Bio-Baumwolle \u2022 Stoffgewicht: 155 g\/m\u00b2 (4,57 oz\/yd\u00b2) \u2022 Single Jersey \u2022 Mittlere Passform \u2022 Angesetzte \u00c4rmel \u2022 1\u00d71-Ripp am Kragen \u2022 Schmal<span class=\"post-excerpt-end\">\u2026<\/span><\/p>\n<p class=\"more-link\"><a href=\"https:\/\/friendsofwmis.de\/de\/produkt\/wmis-t-shirt-kids\/\" class=\"themebutton\">Weiterlesen<\/a><\/p>","protected":false},"featured_media":429,"comment_status":"open","ping_status":"closed","template":"","meta":[],"product_brand":[],"product_cat":[15],"product_tag":[],"class_list":{"0":"post-411","1":"product","2":"type-product","3":"status-publish","4":"has-post-thumbnail","6":"product_cat-uncategorized","8":"first","9":"instock","10":"taxable","11":"shipping-taxable","12":"purchasable","13":"product-type-variable"},"jetpack_sharing_enabled":true,"_links":{"self":[{"href":"https:\/\/friendsofwmis.de\/de\/wp-json\/wp\/v2\/product\/411","targetHints":{"allow":["GET"]}}],"collection":[{"href":"https:\/\/friendsofwmis.de\/de\/wp-json\/wp\/v2\/product"}],"about":[{"href":"https:\/\/friendsofwmis.de\/de\/wp-json\/wp\/v2\/types\/product"}],"replies":[{"embeddable":true,"href":"https:\/\/friendsofwmis.de\/de\/wp-json\/wp\/v2\/comments?post=411"}],"wp:featuredmedia":[{"embeddable":true,"href":"https:\/\/friendsofwmis.de\/de\/wp-json\/wp\/v2\/media\/429"}],"wp:attachment":[{"href":"https:\/\/friendsofwmis.de\/de\/wp-json\/wp\/v2\/media?parent=411"}],"wp:term":[{"taxonomy":"product_brand","embeddable":true,"href":"https:\/\/friendsofwmis.de\/de\/wp-json\/wp\/v2\/product_brand?post=411"},{"taxonomy":"product_cat","embeddable":true,"href":"https:\/\/friendsofwmis.de\/de\/wp-json\/wp\/v2\/product_cat?post=411"},{"taxonomy":"product_tag","embeddable":true,"href":"https:\/\/friendsofwmis.de\/de\/wp-json\/wp\/v2\/product_tag?post=411"}],"curies":[{"name":"wp","href":"https:\/\/api.w.org\/{rel}","templated":true}]}}