{"id":473,"date":"2021-09-25T10:07:00","date_gmt":"2021-09-25T10:07:00","guid":{"rendered":"https:\/\/friendsofwmis.de\/index.php\/product\/organic-cotton-kids-t-shirt\/"},"modified":"2024-02-24T01:52:29","modified_gmt":"2024-02-24T01:52:29","slug":"organic-cotton-kids-t-shirt","status":"publish","type":"product","link":"https:\/\/friendsofwmis.de\/de\/produkt\/organic-cotton-kids-t-shirt\/","title":{"rendered":"WMIS T-Shirt Kinder \u2013 rosa Aufdruck"},"content":{"rendered":"<p>Jetzt mit pinkfarbenem WMIS-Logodruck erh\u00e4ltlich \u2013 unser Bio-Kinder-T-Shirt.<br \/>\n\u2022 100% ringgesponnene, gek\u00e4mmte Bio-Baumwolle<br \/>\n\u2022 Stoffgewicht: 155 g\/m\u00b2 (4,57 oz\/yd\u00b2)<br \/>\n\u2022 Single-Jersey<br \/>\n\u2022 Mittlere Passform<br \/>\n\u2022 Eingesetzte \u00c4rmel<br \/>\n\u2022 1\u00d71 Ripp am Kragen<br \/>\n\u2022 Schmale Doppelnadel-Steppn\u00e4hte an den \u00c4rmeln und unteren S\u00e4umen<br \/>\n\u2022 Nackenband aus dem gleichen Stoff (innen, Nacken)<\/p>","protected":false},"excerpt":{"rendered":"<p>Jetzt mit pinkfarbenem WMIS-Logodruck erh\u00e4ltlich \u2013 unser Bio-Kinder-T-Shirt. \u2022 100% ringgesponnene, gek\u00e4mmte Bio-Baumwolle \u2022 Stoffgewicht: 155 g\/m\u00b2 (4,57 oz\/yd\u00b2) \u2022 Single Jersey \u2022 Mittlere Passform \u2022 Angesetzte \u00c4rmel \u2022 1\u00d71-Ripp am Kragen \u2022 Schmale Doppelnaht-Steppn\u00e4hte an den \u00c4rmeln und untere S\u00e4ume \u2022 Nackenband aus dem gleichen Stoff (innen, hinten<span class=\"post-excerpt-end\">\u2026<\/span><\/p>\n<p class=\"more-link\"><a href=\"https:\/\/friendsofwmis.de\/de\/produkt\/organic-cotton-kids-t-shirt\/\" class=\"themebutton\">Weiterlesen<\/a><\/p>","protected":false},"featured_media":486,"comment_status":"open","ping_status":"closed","template":"","meta":[],"product_brand":[],"product_cat":[15],"product_tag":[],"class_list":{"0":"post-473","1":"product","2":"type-product","3":"status-publish","4":"has-post-thumbnail","6":"product_cat-uncategorized","8":"first","9":"instock","10":"taxable","11":"shipping-taxable","12":"purchasable","13":"product-type-variable"},"jetpack_sharing_enabled":true,"_links":{"self":[{"href":"https:\/\/friendsofwmis.de\/de\/wp-json\/wp\/v2\/product\/473","targetHints":{"allow":["GET"]}}],"collection":[{"href":"https:\/\/friendsofwmis.de\/de\/wp-json\/wp\/v2\/product"}],"about":[{"href":"https:\/\/friendsofwmis.de\/de\/wp-json\/wp\/v2\/types\/product"}],"replies":[{"embeddable":true,"href":"https:\/\/friendsofwmis.de\/de\/wp-json\/wp\/v2\/comments?post=473"}],"wp:featuredmedia":[{"embeddable":true,"href":"https:\/\/friendsofwmis.de\/de\/wp-json\/wp\/v2\/media\/486"}],"wp:attachment":[{"href":"https:\/\/friendsofwmis.de\/de\/wp-json\/wp\/v2\/media?parent=473"}],"wp:term":[{"taxonomy":"product_brand","embeddable":true,"href":"https:\/\/friendsofwmis.de\/de\/wp-json\/wp\/v2\/product_brand?post=473"},{"taxonomy":"product_cat","embeddable":true,"href":"https:\/\/friendsofwmis.de\/de\/wp-json\/wp\/v2\/product_cat?post=473"},{"taxonomy":"product_tag","embeddable":true,"href":"https:\/\/friendsofwmis.de\/de\/wp-json\/wp\/v2\/product_tag?post=473"}],"curies":[{"name":"wp","href":"https:\/\/api.w.org\/{rel}","templated":true}]}}