{"id":488,"date":"2021-09-25T10:08:30","date_gmt":"2021-09-25T10:08:30","guid":{"rendered":"https:\/\/friendsofwmis.de\/index.php\/product\/wmis-t-shirt-kids-turquoise-print\/"},"modified":"2024-02-24T01:52:32","modified_gmt":"2024-02-24T01:52:32","slug":"wmis-t-shirt-kids-turquoise-print","status":"publish","type":"product","link":"https:\/\/friendsofwmis.de\/de\/produkt\/wmis-t-shirt-kids-turquoise-print\/","title":{"rendered":"WMIS T-Shirt Kinder \u2013 t\u00fcrkis bedruckt"},"content":{"rendered":"<p>Unseren Bestseller \u2013 das Bio-Kinder-T-Shirt \u2013 gibt es jetzt auch mit coolem Logo-Print in T\u00fcrkis auf hellen Farben (Grau und Wei\u00df).<\/p>\n<p>\u2022 100% ringgesponnene, gek\u00e4mmte Bio-Baumwolle<br \/>\n\u2022 Stoffgewicht: 155 g\/m\u00b2 (4,57 oz\/yd\u00b2)<br \/>\n\u2022 Single-Jersey<br \/>\n\u2022 Mittlere Passform<br \/>\n\u2022 Eingesetzte \u00c4rmel<br \/>\n\u2022 1\u00d71 Ripp am Kragen<br \/>\n\u2022 Schmale Doppelnadel-Steppn\u00e4hte an den \u00c4rmeln und unteren S\u00e4umen<br \/>\n\u2022 Nackenband aus dem gleichen Stoff (innen, Nacken)<\/p>","protected":false},"excerpt":{"rendered":"<p>Unseren Bestseller \u2013 das Bio-Kinder-T-Shirt \u2013 gibt es jetzt auch mit coolem Logo-Print in T\u00fcrkis auf hellen Farben (Grau und Wei\u00df). \u2022 100% ringgesponnene, gek\u00e4mmte Bio-Baumwolle \u2022 Stoffgewicht: 155 g\/m\u00b2 (4,57 oz\/yd\u00b2) \u2022 Single-Jersey \u2022 Mittlere Passform \u2022 Angesetzte \u00c4rmel \u2022 1\u00d71-Ripp am Kragen \u2022 Schmale Doppelnaht-Steppn\u00e4hte<span class=\"post-excerpt-end\">\u2026<\/span><\/p>\n<p class=\"more-link\"><a href=\"https:\/\/friendsofwmis.de\/de\/produkt\/wmis-t-shirt-kids-turquoise-print\/\" class=\"themebutton\">Weiterlesen<\/a><\/p>","protected":false},"featured_media":501,"comment_status":"open","ping_status":"closed","template":"","meta":[],"product_brand":[],"product_cat":[15],"product_tag":[],"class_list":{"0":"post-488","1":"product","2":"type-product","3":"status-publish","4":"has-post-thumbnail","6":"product_cat-uncategorized","8":"first","9":"instock","10":"taxable","11":"shipping-taxable","12":"purchasable","13":"product-type-variable"},"jetpack_sharing_enabled":true,"_links":{"self":[{"href":"https:\/\/friendsofwmis.de\/de\/wp-json\/wp\/v2\/product\/488","targetHints":{"allow":["GET"]}}],"collection":[{"href":"https:\/\/friendsofwmis.de\/de\/wp-json\/wp\/v2\/product"}],"about":[{"href":"https:\/\/friendsofwmis.de\/de\/wp-json\/wp\/v2\/types\/product"}],"replies":[{"embeddable":true,"href":"https:\/\/friendsofwmis.de\/de\/wp-json\/wp\/v2\/comments?post=488"}],"wp:featuredmedia":[{"embeddable":true,"href":"https:\/\/friendsofwmis.de\/de\/wp-json\/wp\/v2\/media\/501"}],"wp:attachment":[{"href":"https:\/\/friendsofwmis.de\/de\/wp-json\/wp\/v2\/media?parent=488"}],"wp:term":[{"taxonomy":"product_brand","embeddable":true,"href":"https:\/\/friendsofwmis.de\/de\/wp-json\/wp\/v2\/product_brand?post=488"},{"taxonomy":"product_cat","embeddable":true,"href":"https:\/\/friendsofwmis.de\/de\/wp-json\/wp\/v2\/product_cat?post=488"},{"taxonomy":"product_tag","embeddable":true,"href":"https:\/\/friendsofwmis.de\/de\/wp-json\/wp\/v2\/product_tag?post=488"}],"curies":[{"name":"wp","href":"https:\/\/api.w.org\/{rel}","templated":true}]}}