{"id":548,"date":"2021-11-10T21:06:12","date_gmt":"2021-11-10T21:06:12","guid":{"rendered":"https:\/\/friendsofwmis.de\/index.php\/product\/wmis-coffee-mug-pink\/"},"modified":"2021-11-10T21:08:45","modified_gmt":"2021-11-10T21:08:45","slug":"wmis-coffee-mug-pink","status":"publish","type":"product","link":"https:\/\/friendsofwmis.de\/de\/produkt\/wmis-coffee-mug-pink\/","title":{"rendered":"WMIS Kaffeebecher rosa"},"content":{"rendered":"<p>Egal, ob Sie Ihren Morgenkaffee, Ihren Abendtee oder etwas zwischendurch trinken \u2013 diese Tasse ist f\u00fcr Sie! Es ist robust und gl\u00e4nzend mit einem lebendigen WMIS-Druck, der der Mikrowelle und der Sp\u00fclmaschine standh\u00e4lt.<\/p>\n<p>\u2022 Keramik<br \/>\n\u2022 Abmessungen der 11-oz-Tasse: 3,85\u2033 (9,8 cm) hoch, 3,35\u2033 (8,5 cm) im Durchmesser<br \/>\n\u2022 Abmessungen der 15-oz-Tasse: 4,7\u2033 (12 cm) hoch, 3,35\u2033 (8,5 cm) im Durchmesser<br \/>\n\u2022 Sp\u00fclmaschinen- und mikrowellenfest<br \/>\n\u2022 Blanko-Produkt aus China bezogen<\/p>","protected":false},"excerpt":{"rendered":"<p>Egal, ob Sie Ihren Morgenkaffee, Ihren Abendtee oder etwas zwischendurch trinken \u2013 diese Tasse ist f\u00fcr Sie! Es ist robust und gl\u00e4nzend mit einem lebendigen WMIS-Druck, der der Mikrowelle und der Sp\u00fclmaschine standh\u00e4lt. \u2022 Keramik \u2022 Abmessungen der 11-oz-Tasse: 9,8 cm (3,85\u2033) in der H\u00f6he, 8,5 cm (3,35\u2033) im Durchmesser \u2022 Abmessungen der 15-oz-Tasse: 4,7\u2033<span class=\"post-excerpt-end\">\u2026<\/span><\/p>\n<p class=\"more-link\"><a href=\"https:\/\/friendsofwmis.de\/de\/produkt\/wmis-coffee-mug-pink\/\" class=\"themebutton\">Weiterlesen<\/a><\/p>","protected":false},"featured_media":551,"comment_status":"open","ping_status":"closed","template":"","meta":[],"product_brand":[],"product_cat":[15],"product_tag":[],"class_list":{"0":"post-548","1":"product","2":"type-product","3":"status-publish","4":"has-post-thumbnail","6":"product_cat-uncategorized","8":"first","9":"instock","10":"taxable","11":"shipping-taxable","12":"purchasable","13":"product-type-variable"},"jetpack_sharing_enabled":true,"_links":{"self":[{"href":"https:\/\/friendsofwmis.de\/de\/wp-json\/wp\/v2\/product\/548","targetHints":{"allow":["GET"]}}],"collection":[{"href":"https:\/\/friendsofwmis.de\/de\/wp-json\/wp\/v2\/product"}],"about":[{"href":"https:\/\/friendsofwmis.de\/de\/wp-json\/wp\/v2\/types\/product"}],"replies":[{"embeddable":true,"href":"https:\/\/friendsofwmis.de\/de\/wp-json\/wp\/v2\/comments?post=548"}],"wp:featuredmedia":[{"embeddable":true,"href":"https:\/\/friendsofwmis.de\/de\/wp-json\/wp\/v2\/media\/551"}],"wp:attachment":[{"href":"https:\/\/friendsofwmis.de\/de\/wp-json\/wp\/v2\/media?parent=548"}],"wp:term":[{"taxonomy":"product_brand","embeddable":true,"href":"https:\/\/friendsofwmis.de\/de\/wp-json\/wp\/v2\/product_brand?post=548"},{"taxonomy":"product_cat","embeddable":true,"href":"https:\/\/friendsofwmis.de\/de\/wp-json\/wp\/v2\/product_cat?post=548"},{"taxonomy":"product_tag","embeddable":true,"href":"https:\/\/friendsofwmis.de\/de\/wp-json\/wp\/v2\/product_tag?post=548"}],"curies":[{"name":"wp","href":"https:\/\/api.w.org\/{rel}","templated":true}]}}