{"id":785,"date":"2022-09-25T20:25:48","date_gmt":"2022-09-25T20:25:48","guid":{"rendered":"https:\/\/friendsofwmis.de\/product\/adult-unisex-eco-hoodie-white-print\/"},"modified":"2026-03-16T15:25:15","modified_gmt":"2026-03-16T15:25:15","slug":"adult-unisex-eco-hoodie-white-print","status":"publish","type":"product","link":"https:\/\/friendsofwmis.de\/de\/produkt\/adult-unisex-eco-hoodie-white-print\/","title":{"rendered":"Erwachsener UNISEX Eco Hoodie Wei\u00dfer Druck"},"content":{"rendered":"<p>Wenn es eine Moderegel gibt, nach der es sich zu leben gilt, dann lass es sein, dass der Komfort nicht zugunsten des Stils beeintr\u00e4chtigt werden muss. Kombinieren Sie den superweichen Unisex-\u00d6ko-Raglan-Hoodie mit Joggern f\u00fcr einen entspannten Look oder peppen Sie das Outfit mit einem Rock, einem \u00fcbergro\u00dfen Blazer oder einer klassischen Hose auf. Die geb\u00fcrstete Innenseite des Hoodies sorgt f\u00fcr ein bequemes und kuscheliges Tragegef\u00fchl und h\u00e4lt Sie an den k\u00e4lteren Tagen warm.<\/p>\n<p>\u2022 Au\u00dfen: 100% Bio-Baumwolle<br \/>\n\u2022 Charcoal Melange besteht aus 60% Baumwolle, 40% recyceltem Polyester<br \/>\n\u2022 Innen f\u00fcr alle Farben: 80% Bio-Baumwolle, 20% recycelter Polyester<br \/>\n\u2022 Geb\u00fcrstetes Futter<br \/>\n\u2022 Normale Passform<br \/>\n\u2022 Raglan\u00e4rmel<br \/>\n\u2022 B\u00fcndchen und Saum gerippt<br \/>\n\u2022 Zugb\u00e4nder mit Metall\u00f6sen und Stoppern<br \/>\n\u2022 Mit Jersey gef\u00fctterte Kapuze<br \/>\n\u2022 Rohprodukt aus Bangladesch<\/p>","protected":false},"excerpt":{"rendered":"<p>Wenn es eine Moderegel gibt, nach der es sich zu leben gilt, dann lass es sein, dass der Komfort nicht zugunsten des Stils beeintr\u00e4chtigt werden muss. Kombinieren Sie den superweichen Unisex-\u00d6ko-Raglan-Hoodie mit Joggern f\u00fcr einen entspannten Look oder peppen Sie das Outfit mit einem Rock, einem \u00fcbergro\u00dfen Blazer oder einer klassischen Hose auf. Die angeraute Innenseite des Hoodies sorgt f\u00fcr ein angenehmes Tragegef\u00fchl<span class=\"post-excerpt-end\">\u2026<\/span><\/p>\n<p class=\"more-link\"><a href=\"https:\/\/friendsofwmis.de\/de\/produkt\/adult-unisex-eco-hoodie-white-print\/\" class=\"themebutton\">Weiterlesen<\/a><\/p>","protected":false},"featured_media":809,"comment_status":"open","ping_status":"closed","template":"","meta":[],"product_brand":[],"product_cat":[15],"product_tag":[],"class_list":{"0":"post-785","1":"product","2":"type-product","3":"status-publish","4":"has-post-thumbnail","6":"product_cat-uncategorized","8":"first","9":"instock","10":"taxable","11":"shipping-taxable","12":"purchasable","13":"product-type-variable"},"jetpack_sharing_enabled":true,"_links":{"self":[{"href":"https:\/\/friendsofwmis.de\/de\/wp-json\/wp\/v2\/product\/785","targetHints":{"allow":["GET"]}}],"collection":[{"href":"https:\/\/friendsofwmis.de\/de\/wp-json\/wp\/v2\/product"}],"about":[{"href":"https:\/\/friendsofwmis.de\/de\/wp-json\/wp\/v2\/types\/product"}],"replies":[{"embeddable":true,"href":"https:\/\/friendsofwmis.de\/de\/wp-json\/wp\/v2\/comments?post=785"}],"wp:featuredmedia":[{"embeddable":true,"href":"https:\/\/friendsofwmis.de\/de\/wp-json\/wp\/v2\/media\/809"}],"wp:attachment":[{"href":"https:\/\/friendsofwmis.de\/de\/wp-json\/wp\/v2\/media?parent=785"}],"wp:term":[{"taxonomy":"product_brand","embeddable":true,"href":"https:\/\/friendsofwmis.de\/de\/wp-json\/wp\/v2\/product_brand?post=785"},{"taxonomy":"product_cat","embeddable":true,"href":"https:\/\/friendsofwmis.de\/de\/wp-json\/wp\/v2\/product_cat?post=785"},{"taxonomy":"product_tag","embeddable":true,"href":"https:\/\/friendsofwmis.de\/de\/wp-json\/wp\/v2\/product_tag?post=785"}],"curies":[{"name":"wp","href":"https:\/\/api.w.org\/{rel}","templated":true}]}}